{"id":27670,"date":"2025-11-26T18:19:37","date_gmt":"2025-11-26T17:19:37","guid":{"rendered":"https:\/\/roboparts.ch\/?post_type=product&#038;p=27670"},"modified":"2025-11-28T14:31:44","modified_gmt":"2025-11-28T13:31:44","slug":"spazzola-laterale-per-roborock-s7-s7-s7-pro-ultra-q7-q7-max-s8-s8-pro-ultra-s5-s6-kopie","status":"publish","type":"product","link":"https:\/\/roboparts.ch\/it\/produkt\/spazzola-laterale-per-roborock-s7-s7-s7-pro-ultra-q7-q7-max-s8-s8-pro-ultra-s5-s6-kopie\/","title":{"rendered":"Spazzola laterale per Roborock S7\/S7+\/S7 Pro Ultra\/Q7\/Q7 Max\/S8\/S8 Pro Ultra\/S5\/S6"},"content":{"rendered":"<ul>\n<li class=\"a-spacing-mini\"><span class=\"a-list-item\"><span class=\"a-list-item\">Compatibile con Roborock S7\/S7+\/S7 Pro Ultra\/Q7\/Q7 Max\/S8\/S8 Pro Ultra\/S5\/S6 <\/span><\/span><span class=\"a-list-item\">Aspirapolvere robot<\/span><\/li>\n<li class=\"a-spacing-mini\">Le spazzole laterali spazzano la polvere lungo i bordi della stanza e la guidano direttamente nel canale di aspirazione. Le spazzole sono realizzate in silicone di alta qualit\u00e0, che pulisce a fondo senza lasciare tracce su mobili o pareti. Allo stesso tempo, il materiale \u00e8 molto pi\u00f9 resistente delle tradizionali setole di nylon.  <\/li>\n<li class=\"a-spacing-mini\"><span class=\"a-list-item\">Contenuto del set: 6x spazzole laterali  <\/span><\/li>\n<li>Colore: nero<\/li>\n<li>Migliore qualit\u00e0<\/li>\n<\/ul>\n","protected":false},"excerpt":{"rendered":"<p>Set di accessori per il robot aspirapolvere Roborock S8 MaxV Ultra -<\/p>\n<p><span class=\"a-list-item\">Contenuto del set: 4 salviette, 4 sacchetti per la polvere, 4x spazzole laterali, 2x spazzole principali, 4x filtri HEPA, 4 mop<\/span><\/p>\n","protected":false},"featured_media":27655,"comment_status":"open","ping_status":"closed","template":"","meta":{"wds_primary_product_brand":0,"wds_primary_product_cat":0},"product_brand":[],"product_cat":[1109,2015,2037,2203,1627,1629,1630,1705,1847,1108],"product_tag":[1480],"class_list":{"0":"post-27670","1":"product","2":"type-product","3":"status-publish","4":"has-post-thumbnail","6":"product_cat-s7-it-2","7":"product_cat-s8-pro-ultra-it","8":"product_cat-q7-it","9":"product_cat-s6-it","10":"product_cat-s5-it","11":"product_cat-s5max-it","12":"product_cat-s6-max-it","13":"product_cat-s8-it-2","14":"product_cat-q7-max-it","15":"product_cat-s7-it","16":"product_tag-set-di-accessori-per-il-robot-aspirapolvere-roborock-s8-maxv-ultra","17":"pa_kompatibel-mit-marke-roborock-it","18":"pa_produkt-typ-accessori","19":"pa_produktreihe-s8-maxv-ultra-con-vibrarise-3-0","20":"pa_produktreihe-maestro-qrevo","21":"pa_produktreihe-qrevo-slim-it","22":"pa_produktreihe-q5-max-it","23":"pa_produktreihe-q8-max-it","24":"pa_produktreihe-s8-it","25":"pa_produktreihe-q5-pro-it","26":"pa_produktreihe-q5-pro-it-2","27":"pa_produktreihe-s7-maxv-ultra-it","28":"pa_produktreihe-qrevo-it","29":"pa_produktreihe-s8-pro-ultra-it","31":"first","32":"onbackorder","33":"taxable","34":"shipping-taxable","35":"purchasable","36":"product-type-simple"},"_links":{"self":[{"href":"https:\/\/roboparts.ch\/it\/wp-json\/wp\/v2\/product\/27670","targetHints":{"allow":["GET"]}}],"collection":[{"href":"https:\/\/roboparts.ch\/it\/wp-json\/wp\/v2\/product"}],"about":[{"href":"https:\/\/roboparts.ch\/it\/wp-json\/wp\/v2\/types\/product"}],"replies":[{"embeddable":true,"href":"https:\/\/roboparts.ch\/it\/wp-json\/wp\/v2\/comments?post=27670"}],"version-history":[{"count":3,"href":"https:\/\/roboparts.ch\/it\/wp-json\/wp\/v2\/product\/27670\/revisions"}],"predecessor-version":[{"id":27677,"href":"https:\/\/roboparts.ch\/it\/wp-json\/wp\/v2\/product\/27670\/revisions\/27677"}],"wp:featuredmedia":[{"embeddable":true,"href":"https:\/\/roboparts.ch\/it\/wp-json\/wp\/v2\/media\/27655"}],"wp:attachment":[{"href":"https:\/\/roboparts.ch\/it\/wp-json\/wp\/v2\/media?parent=27670"}],"wp:term":[{"taxonomy":"product_brand","embeddable":true,"href":"https:\/\/roboparts.ch\/it\/wp-json\/wp\/v2\/product_brand?post=27670"},{"taxonomy":"product_cat","embeddable":true,"href":"https:\/\/roboparts.ch\/it\/wp-json\/wp\/v2\/product_cat?post=27670"},{"taxonomy":"product_tag","embeddable":true,"href":"https:\/\/roboparts.ch\/it\/wp-json\/wp\/v2\/product_tag?post=27670"}],"curies":[{"name":"wp","href":"https:\/\/api.w.org\/{rel}","templated":true}]}}