{"id":24828,"date":"2025-10-27T14:53:55","date_gmt":"2025-10-27T13:53:55","guid":{"rendered":"https:\/\/roboparts.ch\/?post_type=product&#038;p=24828"},"modified":"2025-11-12T15:14:48","modified_gmt":"2025-11-12T14:14:48","slug":"filtro-hepa-per-il-robot-aspirapolvere-roborock-s8-maxv-ultra-kopie","status":"publish","type":"product","link":"https:\/\/roboparts.ch\/it\/produkt\/filtro-hepa-per-il-robot-aspirapolvere-roborock-s8-maxv-ultra-kopie\/","title":{"rendered":"Spazzola principale per il robot aspirapolvere Roborock S8 MaxV Ultra"},"content":{"rendered":"<ul>\n<li class=\"a-spacing-mini\"><span class=\"a-list-item\">Compatibile con il robot aspirapolvere Roborock S8 MaxV Ultra<\/span><\/li>\n<li class=\"a-spacing-mini\"><span class=\"a-list-item\">L&#8217;ultimo modello: compatibile con il sistema a doppia spazzola e con il sistema Dual Vibrarise con due moduli di vibrazione<\/span><\/li>\n<li class=\"a-spacing-mini\"><span class=\"a-list-item\">Contenuto del set: 2 set x spazzola principale<\/span><\/li>\n<li class=\"a-spacing-mini\">La spazzola \u00e8 realizzata in gomma di alta qualit\u00e0, funziona in modo particolarmente silenzioso ed \u00e8 delicata sul pavimento. \u00c8 ideale per diversi tipi di pavimento, come legno duro, piastrelle e tappeti. <\/li>\n<li>Migliore qualit\u00e0<\/li>\n<\/ul>\n","protected":false},"excerpt":{"rendered":"<p>Set di accessori per il robot aspirapolvere Roborock S8 MaxV Ultra -<\/p>\n<p><span class=\"a-list-item\">Contenuto del set: 4 salviette, 4 sacchetti per la polvere, 4x spazzole laterali, 2x spazzole principali, 4x filtri HEPA, 4 mop<\/span><\/p>\n","protected":false},"featured_media":26446,"comment_status":"open","ping_status":"closed","template":"","meta":{"wds_primary_product_brand":0,"wds_primary_product_cat":0},"product_brand":[],"product_cat":[1479,3361],"product_tag":[1480],"class_list":{"0":"post-24828","1":"product","2":"type-product","3":"status-publish","4":"has-post-thumbnail","6":"product_cat-s8-maxv-ultra-it","7":"product_cat-aspirapolvere-robot-s8-maxv-ultra-con-vibrarise-3-0","8":"product_tag-set-di-accessori-per-il-robot-aspirapolvere-roborock-s8-maxv-ultra","9":"pa_kompatibel-mit-marke-roborock-it","10":"pa_produkt-typ-accessori","11":"pa_produktreihe-s8-maxv-ultra-con-vibrarise-3-0","13":"first","14":"instock","15":"taxable","16":"shipping-taxable","17":"purchasable","18":"product-type-simple"},"_links":{"self":[{"href":"https:\/\/roboparts.ch\/it\/wp-json\/wp\/v2\/product\/24828","targetHints":{"allow":["GET"]}}],"collection":[{"href":"https:\/\/roboparts.ch\/it\/wp-json\/wp\/v2\/product"}],"about":[{"href":"https:\/\/roboparts.ch\/it\/wp-json\/wp\/v2\/types\/product"}],"replies":[{"embeddable":true,"href":"https:\/\/roboparts.ch\/it\/wp-json\/wp\/v2\/comments?post=24828"}],"version-history":[{"count":2,"href":"https:\/\/roboparts.ch\/it\/wp-json\/wp\/v2\/product\/24828\/revisions"}],"predecessor-version":[{"id":24839,"href":"https:\/\/roboparts.ch\/it\/wp-json\/wp\/v2\/product\/24828\/revisions\/24839"}],"wp:featuredmedia":[{"embeddable":true,"href":"https:\/\/roboparts.ch\/it\/wp-json\/wp\/v2\/media\/26446"}],"wp:attachment":[{"href":"https:\/\/roboparts.ch\/it\/wp-json\/wp\/v2\/media?parent=24828"}],"wp:term":[{"taxonomy":"product_brand","embeddable":true,"href":"https:\/\/roboparts.ch\/it\/wp-json\/wp\/v2\/product_brand?post=24828"},{"taxonomy":"product_cat","embeddable":true,"href":"https:\/\/roboparts.ch\/it\/wp-json\/wp\/v2\/product_cat?post=24828"},{"taxonomy":"product_tag","embeddable":true,"href":"https:\/\/roboparts.ch\/it\/wp-json\/wp\/v2\/product_tag?post=24828"}],"curies":[{"name":"wp","href":"https:\/\/api.w.org\/{rel}","templated":true}]}}