{"id":29154,"date":"2026-01-15T20:39:43","date_gmt":"2026-01-15T19:39:43","guid":{"rendered":"https:\/\/roboparts.ch\/produkt\/esr-ultrafit-armorite-screen-protector-pour-iphone-17-pro-3-packs\/"},"modified":"2026-03-05T17:25:22","modified_gmt":"2026-03-05T16:25:22","slug":"esr-ultrafit-armorite-screen-protector-pour-iphone-17-pro-3-packs","status":"publish","type":"product","link":"https:\/\/roboparts.ch\/fr\/produkt\/esr-ultrafit-armorite-screen-protector-pour-iphone-17-pro-3-packs\/","title":{"rendered":"Verre blind\u00e9 ESR UltraFit Armorite pour iPhone 17 Pro"},"content":{"rendered":"<div style=\"width: 1920px;\" class=\"wp-video\"><video class=\"wp-video-shortcode\" id=\"video-29154-1\" width=\"1920\" height=\"1080\" preload=\"metadata\" controls=\"controls\"><source type=\"video\/mp4\" src=\"https:\/\/roboparts.ch\/wp-content\/uploads\/2026\/01\/DE_\u7279\u7ea7\u819c-\u9ad8\u6e05\u819c-17-Pro-1.mp4?_=1\" \/><a href=\"https:\/\/roboparts.ch\/wp-content\/uploads\/2026\/01\/DE_\u7279\u7ea7\u819c-\u9ad8\u6e05\u819c-17-Pro-1.mp4\">https:\/\/roboparts.ch\/wp-content\/uploads\/2026\/01\/DE_\u7279\u7ea7\u819c-\u9ad8\u6e05\u819c-17-Pro-1.mp4<\/a><\/video><\/div>\n<ul class=\"a-unordered-list a-vertical a-spacing-mini\">\n<li class=\"a-spacing-mini\"><span class=\"a-list-item\">[Exclusivement pour l&rsquo;iPhone 17 Pro 6,3 pouces] La protection int\u00e9grale sur mesure prot\u00e8ge chaque millim\u00e8tre de l&rsquo;\u00e9cran avec un verre blind\u00e9 pr\u00e9cis pour l&rsquo;iPhone 17 Pro - des d\u00e9coupes au millim\u00e8tre pr\u00e8s garantissent une utilisation illimit\u00e9e de toutes les fonctions<\/span><\/li>\n<li class=\"a-spacing-mini\"><span class=\"a-list-item\">[Nouveaut\u00e9 du march\u00e9 : syst\u00e8me de montage UltraFit] 3x ESR Armorite iPhone 17 Pro verre de protection + outil de montage r\u00e9utilisable UltraFit + kit de nettoyage premiumLes rails de guidage int\u00e9gr\u00e9s positionnent le film avec pr\u00e9cision et permettent \u00e0 la poussi\u00e8re et aux bulles de s&rsquo;\u00e9chapper imm\u00e9diatement apr\u00e8s avoir retir\u00e9 le film anti-poussi\u00e8re. L&rsquo;outil de montage professionnel permet d&rsquo;installer le protecteur d&rsquo;\u00e9cran pour l&rsquo;iPhone 17 Pro en un rien de temps - m\u00eame les premiers utilisateurs obtiennent des r\u00e9sultats parfaits <\/span><\/li>\n<li class=\"a-spacing-mini\"><span class=\"a-list-item\">[Sensibilit\u00e9 tactile ultra-pr\u00e9cise] Notre technologie microadh\u00e9sive transforme l&rsquo;\u00e9cran en une forteresse invisible : le protecteur d&rsquo;\u00e9cran pour iPhone 17 Pro repousse la poussi\u00e8re de mani\u00e8re \u00e9lectrostatique, tandis que la transmission tactile \u00e0 99,9% permet m\u00eame des mouvements de balayage rapides pour les jeux ou des coups de pinceau pr\u00e9cis dans les applications de design comme sur un \u00e9cran nu<\/span><\/li>\n<li class=\"a-spacing-mini\"><span class=\"a-list-item\">[Protection militaire 7x renforc\u00e9e et r\u00e9sistance aux chocs de 50 kg] Notre protection d&rsquo;\u00e9cran ultra-r\u00e9sistante en verre tremp\u00e9 pour l&rsquo;iPhone 17 Pro supporte des chocs ponctuels allant jusqu&rsquo;\u00e0 50 kg et est test\u00e9e militairement selon la norme MIL-STD-810H - pour une utilisation avec des cl\u00e9s de poche, des chariots de supermarch\u00e9 et une sollicitation quotidienne. Les bords sp\u00e9cialement renforc\u00e9s emp\u00eachent les microfissures et offrent une excellente protection m\u00eame en cas de chute sur l&rsquo;asphalte. <\/span><\/li>\n<li class=\"a-spacing-mini\"><span class=\"a-list-item\">[Verre blind\u00e9 ESR pour iPhone 17 Pro avec rev\u00eatement sous vide AR contre les traces de doigts, coupe l&rsquo;\u00e9blouissement de mani\u00e8re spectaculaire, 99,98% de transparence \u00e9lev\u00e9e offre une clart\u00e9 vivante, verre premium hautement transparent assure une fonctionnalit\u00e9 Face ID parfaite tout en pr\u00e9servant la clart\u00e9 originale et la qualit\u00e9 photo de l&rsquo;\u00e9cran<\/span><\/li>\n<\/ul>\n","protected":false},"excerpt":{"rendered":"<p>[Exclusivement pour l&rsquo;iPhone 17 Pro 6,3 pouces] La protection int\u00e9grale sur mesure prot\u00e8ge chaque millim\u00e8tre de l&rsquo;\u00e9cran avec un verre<\/p>\n","protected":false},"featured_media":30948,"comment_status":"open","ping_status":"closed","template":"","meta":{"wds_primary_product_brand":0,"wds_primary_product_cat":0},"product_brand":[],"product_cat":[3608,3609,3610,3755],"product_tag":[],"class_list":{"0":"post-29154","1":"product","2":"type-product","3":"status-publish","4":"has-post-thumbnail","6":"product_cat-accessoires-pour-smartphones","7":"product_cat-iphone","8":"product_cat-17-pour","9":"product_cat-apple","10":"product_shipping_class-petits-envois-postaux","11":"pa_kompatibel-mit-marke-apple","12":"pa_produkt-typ-accessoires-apple","13":"pa_produktreihe-iphone-17-pro","15":"first","16":"instock","17":"taxable","18":"shipping-taxable","19":"purchasable","20":"product-type-simple"},"_links":{"self":[{"href":"https:\/\/roboparts.ch\/fr\/wp-json\/wp\/v2\/product\/29154","targetHints":{"allow":["GET"]}}],"collection":[{"href":"https:\/\/roboparts.ch\/fr\/wp-json\/wp\/v2\/product"}],"about":[{"href":"https:\/\/roboparts.ch\/fr\/wp-json\/wp\/v2\/types\/product"}],"replies":[{"embeddable":true,"href":"https:\/\/roboparts.ch\/fr\/wp-json\/wp\/v2\/comments?post=29154"}],"version-history":[{"count":1,"href":"https:\/\/roboparts.ch\/fr\/wp-json\/wp\/v2\/product\/29154\/revisions"}],"predecessor-version":[{"id":30952,"href":"https:\/\/roboparts.ch\/fr\/wp-json\/wp\/v2\/product\/29154\/revisions\/30952"}],"wp:featuredmedia":[{"embeddable":true,"href":"https:\/\/roboparts.ch\/fr\/wp-json\/wp\/v2\/media\/30948"}],"wp:attachment":[{"href":"https:\/\/roboparts.ch\/fr\/wp-json\/wp\/v2\/media?parent=29154"}],"wp:term":[{"taxonomy":"product_brand","embeddable":true,"href":"https:\/\/roboparts.ch\/fr\/wp-json\/wp\/v2\/product_brand?post=29154"},{"taxonomy":"product_cat","embeddable":true,"href":"https:\/\/roboparts.ch\/fr\/wp-json\/wp\/v2\/product_cat?post=29154"},{"taxonomy":"product_tag","embeddable":true,"href":"https:\/\/roboparts.ch\/fr\/wp-json\/wp\/v2\/product_tag?post=29154"}],"curies":[{"name":"wp","href":"https:\/\/api.w.org\/{rel}","templated":true}]}}