{"id":29108,"date":"2026-01-15T19:27:41","date_gmt":"2026-01-15T18:27:41","guid":{"rendered":"https:\/\/roboparts.ch\/produkt\/crayon-numerique-esr-blanc\/"},"modified":"2026-03-09T15:43:18","modified_gmt":"2026-03-09T14:43:18","slug":"crayon-numerique-esr-blanc","status":"publish","type":"product","link":"https:\/\/roboparts.ch\/fr\/produkt\/crayon-numerique-esr-blanc\/","title":{"rendered":"Stylet ESR pour iPad 2018-2025"},"content":{"rendered":"<div style=\"width: 1920px;\" class=\"wp-video\"><video class=\"wp-video-shortcode\" id=\"video-29108-1\" width=\"1920\" height=\"1080\" preload=\"metadata\" controls=\"controls\"><source type=\"video\/mp4\" src=\"https:\/\/roboparts.ch\/wp-content\/uploads\/2026\/01\/DE_6C001.mp4?_=1\" \/><a href=\"https:\/\/roboparts.ch\/wp-content\/uploads\/2026\/01\/DE_6C001.mp4\">https:\/\/roboparts.ch\/wp-content\/uploads\/2026\/01\/DE_6C001.mp4<\/a><\/video><\/div>\n<p>&nbsp;<\/p>\n<ul class=\"a-unordered-list a-vertical a-spacing-mini\">\n<li class=\"a-spacing-mini\"><span class=\"a-list-item\">Compatibilit\u00e9 : compatible avec les iPads \u00e0 partir de 2018 utilisant iOS 12.2 ou ult\u00e9rieur, y compris iPad 11\u2033 (A16, 2025) &amp; iPad 10e g\u00e9n\u00e9ration (\u00e9criture &amp; fixation magn\u00e9tique), iPad Air 13\u2033 (M3\/M2) 2025\/2024, iPad Air 11\u2033 (M3\/M2) 2025\/2024, iPad Pro 13\u2033 (M5\/M4) 2025\/2024, iPad Pro 11\u2033 (M5\/M4) 2025\/2024, iPad 9.-6e g\u00e9n\u00e9ration (2022-2018), iPad Air 10,9\u2033 (5e\/4e g\u00e9n\u00e9ration), iPad Air 10,5\u2033 (3e g\u00e9n\u00e9ration), iPad Pro 11\u2033 (4e\/2e g\u00e9n\u00e9ration, y compris 2018), iPad Pro 12,9\u2033 (6e\/3e g\u00e9n\u00e9ration), iPad mini (6e\/5e g\u00e9n\u00e9ration). <\/span><\/li>\n<li class=\"a-spacing-mini\"><span class=\"a-list-item\">Doux &amp; pr\u00e9cis : il suffit d&rsquo;appuyer deux fois sur la pointe du crayon num\u00e9rique pour l&rsquo;activer et dessiner des lignes de mani\u00e8re fluide et pr\u00e9cise - sans d\u00e9lai. L&rsquo;appairage Bluetooth n&rsquo;est pas n\u00e9cessaire. <\/span><\/li>\n<li class=\"a-spacing-mini\"><span class=\"a-list-item\">Sensibilit\u00e9 \u00e0 l&rsquo;inclinaison : le capteur int\u00e9gr\u00e9 ajuste l&rsquo;\u00e9paisseur des lignes en inclinant le stylet - pour des ombres r\u00e9alistes, un dessin pr\u00e9cis et une sensation d&rsquo;\u00e9criture naturelle comme sur du papier.<\/span><\/li>\n<li class=\"a-spacing-mini\"><span class=\"a-list-item\">Reconnaissance de la paume : pose confortablement ta main sur l&rsquo;\u00e9cran pendant que tu \u00e9cris ou dessines - exactement comme avec un vrai stylo ou un crayon.<\/span><\/li>\n<\/ul>\n","protected":false},"excerpt":{"rendered":"<p>&nbsp; Compatibilit\u00e9 : compatible avec les iPads \u00e0 partir de 2018 utilisant iOS 12.2 ou ult\u00e9rieur, y compris iPad 11\u2033<\/p>\n","protected":false},"featured_media":31027,"comment_status":"open","ping_status":"closed","template":"","meta":{"wds_primary_product_brand":0,"wds_primary_product_cat":0},"product_brand":[],"product_cat":[3779,3789,3794,3720,3755,3759,3778],"product_tag":[],"class_list":{"0":"post-29108","1":"product","2":"type-product","3":"status-publish","4":"has-post-thumbnail","6":"product_cat-air-13","7":"product_cat-10-11a16","8":"product_cat-air-11","9":"product_cat-pour-13","10":"product_cat-apple","11":"product_cat-pro-11","12":"product_cat-pro-12-9","13":"product_shipping_class-petits-envois-postaux","14":"pa_farbe-blanc","15":"pa_kompatibel-mit-marke-apple","16":"pa_produkt-typ-accessoires-apple","17":"pa_produktreihe-ipad-11-a16-10e-generation-air-11-13-pro-11-129-13-mini-6-5","19":"first","20":"instock","21":"taxable","22":"shipping-taxable","23":"purchasable","24":"product-type-simple"},"_links":{"self":[{"href":"https:\/\/roboparts.ch\/fr\/wp-json\/wp\/v2\/product\/29108","targetHints":{"allow":["GET"]}}],"collection":[{"href":"https:\/\/roboparts.ch\/fr\/wp-json\/wp\/v2\/product"}],"about":[{"href":"https:\/\/roboparts.ch\/fr\/wp-json\/wp\/v2\/types\/product"}],"replies":[{"embeddable":true,"href":"https:\/\/roboparts.ch\/fr\/wp-json\/wp\/v2\/comments?post=29108"}],"version-history":[{"count":1,"href":"https:\/\/roboparts.ch\/fr\/wp-json\/wp\/v2\/product\/29108\/revisions"}],"predecessor-version":[{"id":31072,"href":"https:\/\/roboparts.ch\/fr\/wp-json\/wp\/v2\/product\/29108\/revisions\/31072"}],"wp:featuredmedia":[{"embeddable":true,"href":"https:\/\/roboparts.ch\/fr\/wp-json\/wp\/v2\/media\/31027"}],"wp:attachment":[{"href":"https:\/\/roboparts.ch\/fr\/wp-json\/wp\/v2\/media?parent=29108"}],"wp:term":[{"taxonomy":"product_brand","embeddable":true,"href":"https:\/\/roboparts.ch\/fr\/wp-json\/wp\/v2\/product_brand?post=29108"},{"taxonomy":"product_cat","embeddable":true,"href":"https:\/\/roboparts.ch\/fr\/wp-json\/wp\/v2\/product_cat?post=29108"},{"taxonomy":"product_tag","embeddable":true,"href":"https:\/\/roboparts.ch\/fr\/wp-json\/wp\/v2\/product_tag?post=29108"}],"curies":[{"name":"wp","href":"https:\/\/api.w.org\/{rel}","templated":true}]}}