{"id":29086,"date":"2026-01-15T19:25:08","date_gmt":"2026-01-15T18:25:08","guid":{"rendered":"https:\/\/roboparts.ch\/produkt\/etui-esr-pulse-flicklock-halolock-pour-airpods-4-vert\/"},"modified":"2026-01-26T10:17:37","modified_gmt":"2026-01-26T09:17:37","slug":"etui-esr-pulse-flicklock-halolock-pour-airpods-4-vert","status":"publish","type":"product","link":"https:\/\/roboparts.ch\/fr\/produkt\/etui-esr-pulse-flicklock-halolock-pour-airpods-4-vert\/","title":{"rendered":"\u00c9tui ESR Pulse FlickLock (HaloLock) pour AirPods 4"},"content":{"rendered":"<div style=\"width: 1920px;\" class=\"wp-video\"><video class=\"wp-video-shortcode\" id=\"video-29086-1\" width=\"1920\" height=\"1080\" preload=\"metadata\" controls=\"controls\"><source type=\"video\/mp4\" src=\"https:\/\/roboparts.ch\/wp-content\/uploads\/2026\/01\/DE_\u7075\u62a4\u5b89\u5168\u9501_AirPods-4.mp4?_=1\" \/><a href=\"https:\/\/roboparts.ch\/wp-content\/uploads\/2026\/01\/DE_\u7075\u62a4\u5b89\u5168\u9501_AirPods-4.mp4\">https:\/\/roboparts.ch\/wp-content\/uploads\/2026\/01\/DE_\u7075\u62a4\u5b89\u5168\u9501_AirPods-4.mp4<\/a><\/video><\/div>\n<ul class=\"a-unordered-list a-vertical a-spacing-mini\">\n<li class=\"a-spacing-mini\"><span class=\"a-list-item\">Compatibilit\u00e9 : Pour AirPods 4 (2024) (USB-C) uniquement ; \u00e9couteurs et \u00e9tui de chargement non inclus<\/span><\/li>\n<li class=\"a-spacing-mini\"><span class=\"a-list-item\">FlickLock s\u00e9curis\u00e9 : de puissants aimants d&rsquo;une force d&rsquo;adh\u00e9rence de 700 g en haut et en bas du couvercle et une fermeture interne maintiennent tes AirPods en toute s\u00e9curit\u00e9 \u00e0 l&rsquo;int\u00e9rieur, afin qu&rsquo;ils ne puissent pas s&rsquo;\u00e9chapper en cas de chute.<\/span><\/li>\n<li class=\"a-spacing-mini\"><span class=\"a-list-item\">Pousse pour ouvrir : Glisse sur le loquet pour inverser les aimants et ouvrir le couvercle, ce qui te permet d&rsquo;acc\u00e9der instantan\u00e9ment \u00e0 tes \u00e9couteurs d&rsquo;une seule main.<\/span><\/li>\n<li class=\"a-spacing-mini\"><span class=\"a-list-item\">Pr\u00eat pour MagSafe : de puissants aimants \u00e0 l&rsquo;arri\u00e8re de l&rsquo;\u00e9tui assurent un verrouillage s\u00fbr avec les chargeurs MagSafe, ce qui te permet de recharger tes \u00e9couteurs sans fil par tap-and-go, la charge sans fil n&rsquo;est disponible que pour les AirPods 4 avec suppression active du bruit<\/span><\/li>\n<li class=\"a-spacing-mini\"><span class=\"a-list-item\">Protection renforc\u00e9e contre les chutes : le polym\u00e8re absorbant les chocs et les coins Air Guard prot\u00e8gent ta housse de chargement m\u00eame contre les pires chutes et chocs.<\/span><\/li>\n<\/ul>\n","protected":false},"excerpt":{"rendered":"<p>Compatibilit\u00e9 : Pour AirPods 4 (2024) (USB-C) uniquement ; \u00e9couteurs et \u00e9tui de chargement non inclus FlickLock s\u00e9curis\u00e9 : de<\/p>\n","protected":false},"featured_media":31799,"comment_status":"open","ping_status":"closed","template":"","meta":{"wds_primary_product_brand":0,"wds_primary_product_cat":0},"product_brand":[],"product_cat":[3879,3608,3755,3829],"product_tag":[],"class_list":{"0":"post-29086","1":"product","2":"type-product","3":"status-publish","4":"has-post-thumbnail","6":"product_cat-3879","7":"product_cat-accessoires-pour-smartphones","8":"product_cat-apple","9":"product_cat-airpods","10":"pa_farbe-vert","11":"pa_kompatibel-mit-marke-apple","12":"pa_produkt-typ-accessoires-apple","13":"pa_produktreihe-airpods-4","15":"first","16":"instock","17":"taxable","18":"shipping-taxable","19":"purchasable","20":"product-type-simple"},"_links":{"self":[{"href":"https:\/\/roboparts.ch\/fr\/wp-json\/wp\/v2\/product\/29086","targetHints":{"allow":["GET"]}}],"collection":[{"href":"https:\/\/roboparts.ch\/fr\/wp-json\/wp\/v2\/product"}],"about":[{"href":"https:\/\/roboparts.ch\/fr\/wp-json\/wp\/v2\/types\/product"}],"replies":[{"embeddable":true,"href":"https:\/\/roboparts.ch\/fr\/wp-json\/wp\/v2\/comments?post=29086"}],"version-history":[{"count":1,"href":"https:\/\/roboparts.ch\/fr\/wp-json\/wp\/v2\/product\/29086\/revisions"}],"predecessor-version":[{"id":31864,"href":"https:\/\/roboparts.ch\/fr\/wp-json\/wp\/v2\/product\/29086\/revisions\/31864"}],"wp:featuredmedia":[{"embeddable":true,"href":"https:\/\/roboparts.ch\/fr\/wp-json\/wp\/v2\/media\/31799"}],"wp:attachment":[{"href":"https:\/\/roboparts.ch\/fr\/wp-json\/wp\/v2\/media?parent=29086"}],"wp:term":[{"taxonomy":"product_brand","embeddable":true,"href":"https:\/\/roboparts.ch\/fr\/wp-json\/wp\/v2\/product_brand?post=29086"},{"taxonomy":"product_cat","embeddable":true,"href":"https:\/\/roboparts.ch\/fr\/wp-json\/wp\/v2\/product_cat?post=29086"},{"taxonomy":"product_tag","embeddable":true,"href":"https:\/\/roboparts.ch\/fr\/wp-json\/wp\/v2\/product_tag?post=29086"}],"curies":[{"name":"wp","href":"https:\/\/api.w.org\/{rel}","templated":true}]}}