{"id":29014,"date":"2026-01-15T19:11:29","date_gmt":"2026-01-15T18:11:29","guid":{"rendered":"https:\/\/roboparts.ch\/produkt\/esr-flip-magnetic-case-avec-porte-stylo-pour-ipad-10-11a16-bleu\/"},"modified":"2026-02-03T09:02:03","modified_gmt":"2026-02-03T08:02:03","slug":"esr-flip-magnetic-case-avec-porte-stylo-pour-ipad-10-11a16-bleu","status":"publish","type":"product","link":"https:\/\/roboparts.ch\/fr\/produkt\/esr-flip-magnetic-case-avec-porte-stylo-pour-ipad-10-11a16-bleu\/","title":{"rendered":"ESR Flip \u00c9tui magn\u00e9tique avec porte-stylo pour iPad 10\/11(A16)"},"content":{"rendered":"<p>&nbsp;<\/p>\n<ul class=\"a-unordered-list a-vertical a-spacing-mini\">\n<li class=\"a-spacing-mini\"><span class=\"a-list-item\">Compatibilit\u00e9 : \u00e9tui pour iPad compatible uniquement avec l&rsquo;iPad 10e g\u00e9n\u00e9ration (2022) et l&rsquo;iPad 11e g\u00e9n\u00e9ration (2025) ; mod\u00e8les : A3354, A3355, A2696, A2757  <\/span><\/li>\n<li class=\"a-spacing-mini\"><span class=\"a-list-item\">Fixation magn\u00e9tique s\u00fbre : des aimants puissants assurent une forte adh\u00e9rence entre l&rsquo;\u00e9tui et ton iPad de g\u00e9n\u00e9ration 10\/11<\/span><\/li>\n<li class=\"a-spacing-mini\"><span class=\"a-list-item\">Protection l\u00e9g\u00e8re : prot\u00e8ge chaque centim\u00e8tre de ton iPad 10\/11 2022\/2025 contre les chutes et les chocs, tout en conservant son profil mince et sa portabilit\u00e9 confortable.<\/span><\/li>\n<li class=\"a-spacing-mini\"><span class=\"a-list-item\">Protection l\u00e9g\u00e8re : prot\u00e8ge chaque centim\u00e8tre de ton iPad 11 2025 (iPad 10 2022) contre les chutes et les chocs, tout en conservant son profil mince et sa portabilit\u00e9 confortable.<\/span><\/li>\n<li class=\"a-spacing-mini\"><span class=\"a-list-item\">Support \u00e0 double sens : le couvercle magn\u00e9tique \u00e0 triple pli de l&rsquo;\u00e9tui pour iPad 10\/11 se plie facilement en un support stable pour regarder ou \u00e9crire, afin de garantir un angle confortable pour rattraper tes \u00e9missions pr\u00e9f\u00e9r\u00e9es ou prendre des notes avec ton Pencil<\/span><\/li>\n<\/ul>\n","protected":false},"excerpt":{"rendered":"<p>&nbsp; Compatibilit\u00e9 : \u00e9tui pour iPad compatible uniquement avec l&rsquo;iPad 10e g\u00e9n\u00e9ration (2022) et l&rsquo;iPad 11e g\u00e9n\u00e9ration (2025) ; mod\u00e8les<\/p>\n","protected":false},"featured_media":31578,"comment_status":"open","ping_status":"closed","template":"","meta":{"wds_primary_product_brand":0,"wds_primary_product_cat":0},"product_brand":[],"product_cat":[3608,3719,3755,3789],"product_tag":[],"class_list":{"0":"post-29014","1":"product","2":"type-product","3":"status-publish","4":"has-post-thumbnail","6":"product_cat-accessoires-pour-smartphones","7":"product_cat-ipad","8":"product_cat-apple","9":"product_cat-10-11a16","10":"product_shipping_class-lettre-postale","11":"pa_farbe-bleu","12":"pa_kompatibel-mit-marke-apple","13":"pa_produkt-typ-accessoires-apple","14":"pa_produktreihe-ipad-11-10","16":"first","17":"instock","18":"taxable","19":"shipping-taxable","20":"purchasable","21":"product-type-simple"},"_links":{"self":[{"href":"https:\/\/roboparts.ch\/fr\/wp-json\/wp\/v2\/product\/29014","targetHints":{"allow":["GET"]}}],"collection":[{"href":"https:\/\/roboparts.ch\/fr\/wp-json\/wp\/v2\/product"}],"about":[{"href":"https:\/\/roboparts.ch\/fr\/wp-json\/wp\/v2\/types\/product"}],"replies":[{"embeddable":true,"href":"https:\/\/roboparts.ch\/fr\/wp-json\/wp\/v2\/comments?post=29014"}],"version-history":[{"count":2,"href":"https:\/\/roboparts.ch\/fr\/wp-json\/wp\/v2\/product\/29014\/revisions"}],"predecessor-version":[{"id":31618,"href":"https:\/\/roboparts.ch\/fr\/wp-json\/wp\/v2\/product\/29014\/revisions\/31618"}],"wp:featuredmedia":[{"embeddable":true,"href":"https:\/\/roboparts.ch\/fr\/wp-json\/wp\/v2\/media\/31578"}],"wp:attachment":[{"href":"https:\/\/roboparts.ch\/fr\/wp-json\/wp\/v2\/media?parent=29014"}],"wp:term":[{"taxonomy":"product_brand","embeddable":true,"href":"https:\/\/roboparts.ch\/fr\/wp-json\/wp\/v2\/product_brand?post=29014"},{"taxonomy":"product_cat","embeddable":true,"href":"https:\/\/roboparts.ch\/fr\/wp-json\/wp\/v2\/product_cat?post=29014"},{"taxonomy":"product_tag","embeddable":true,"href":"https:\/\/roboparts.ch\/fr\/wp-json\/wp\/v2\/product_tag?post=29014"}],"curies":[{"name":"wp","href":"https:\/\/api.w.org\/{rel}","templated":true}]}}