{"id":28961,"date":"2026-01-15T18:52:53","date_gmt":"2026-01-15T17:52:53","guid":{"rendered":"https:\/\/roboparts.ch\/produkt\/esr-rebound-magnetic-case-pour-ipad-pro-11-2024-2025-noir\/"},"modified":"2026-01-19T12:08:31","modified_gmt":"2026-01-19T11:08:31","slug":"esr-rebound-magnetic-case-pour-ipad-pro-11-2024-2025-noir","status":"publish","type":"product","link":"https:\/\/roboparts.ch\/fr\/produkt\/esr-rebound-magnetic-case-pour-ipad-pro-11-2024-2025-noir\/","title":{"rendered":"ESR Rebound Magnetic Case pour iPad Pro 11 (2024\/2025)"},"content":{"rendered":"<div style=\"width: 1920px;\" class=\"wp-video\"><video class=\"wp-video-shortcode\" id=\"video-28961-1\" width=\"1920\" height=\"1080\" preload=\"metadata\" controls=\"controls\"><source type=\"video\/mp4\" src=\"https:\/\/roboparts.ch\/wp-content\/uploads\/2026\/01\/DE-pro11.mp4?_=1\" \/><a href=\"https:\/\/roboparts.ch\/wp-content\/uploads\/2026\/01\/DE-pro11.mp4\">https:\/\/roboparts.ch\/wp-content\/uploads\/2026\/01\/DE-pro11.mp4<\/a><\/video><\/div>\n<p class=\"yVWuFvz5\">L&rsquo;ESR Rebound Magnetic Case pour l&rsquo;Apple iPad Pro 11&Prime; (2024) est un \u00e9tui l\u00e9ger qui se fixe \u00e0 l&rsquo;iPad \u00e0 l&rsquo;aide d&rsquo;aimants puissants, couvrant ainsi le dos et l&rsquo;\u00e9cran.<\/p>\n<p class=\"yVWuFvz5\">Les puissants aimants int\u00e9gr\u00e9s dans l&rsquo;\u00e9tui assurent une connexion puissante et imm\u00e9diate de la tablette. L&rsquo;\u00e9tui r\u00e9siste \u00e0 une charge magn\u00e9tique allant jusqu&rsquo;\u00e0 100 Nm. <\/p>\n<p class=\"yVWuFvz5 yVWuFvzA yVWuFvzB\">Gr\u00e2ce \u00e0 son design fin et l\u00e9ger, l&rsquo;\u00e9tui magn\u00e9tique ESR Rebound en noir est un compagnon id\u00e9al pour le quotidien ou les d\u00e9placements.<\/p>\n<p class=\"yVWuFvz5 yVWuFvzA yVWuFvzB\">Le support \u00e0 triple d\u00e9ploiement assure une bonne stabilit\u00e9 en mode d&rsquo;affichage et d&rsquo;\u00e9criture. Le couvercle anti-rayures garantit que l&rsquo;\u00e9cran reste immacul\u00e9 et sans rayures. <\/p>\n<p class=\"yVWuFvz5 yVWuFvzA yVWuFvzB\">Prise en charge totale de l&rsquo;Apple Pencil. Cet \u00e9tui est enti\u00e8rement compatible avec la recharge par induction de l&rsquo;Apple Pencil (Pro) et la fixation magn\u00e9tique de l&rsquo;Apple Pencil (Pro &amp; USB-C) sur l&rsquo;iPad. <\/p>\n<p class=\"yVWuFvz5 yVWuFvzA yVWuFvzB\">Compatibilit\u00e9 : Apple iPad Pro 11&Prime; (M4 2024).<\/p>\n","protected":false},"excerpt":{"rendered":"<p>L&rsquo;ESR Rebound Magnetic Case pour l&rsquo;Apple iPad Pro 11&Prime; (2024) est un \u00e9tui l\u00e9ger qui se fixe \u00e0 l&rsquo;iPad \u00e0<\/p>\n","protected":false},"featured_media":29921,"comment_status":"open","ping_status":"closed","template":"","meta":{"wds_primary_product_brand":0,"wds_primary_product_cat":0},"product_brand":[],"product_cat":[3608,3755,3759],"product_tag":[],"class_list":{"0":"post-28961","1":"product","2":"type-product","3":"status-publish","4":"has-post-thumbnail","6":"product_cat-accessoires-pour-smartphones","7":"product_cat-apple","8":"product_cat-pro-11","9":"pa_farbe-noir","10":"pa_kompatibel-mit-marke-apple","11":"pa_produkt-typ-accessoires-apple","12":"pa_produktreihe-pro-11","14":"first","15":"instock","16":"taxable","17":"shipping-taxable","18":"purchasable","19":"product-type-simple"},"_links":{"self":[{"href":"https:\/\/roboparts.ch\/fr\/wp-json\/wp\/v2\/product\/28961","targetHints":{"allow":["GET"]}}],"collection":[{"href":"https:\/\/roboparts.ch\/fr\/wp-json\/wp\/v2\/product"}],"about":[{"href":"https:\/\/roboparts.ch\/fr\/wp-json\/wp\/v2\/types\/product"}],"replies":[{"embeddable":true,"href":"https:\/\/roboparts.ch\/fr\/wp-json\/wp\/v2\/comments?post=28961"}],"version-history":[{"count":2,"href":"https:\/\/roboparts.ch\/fr\/wp-json\/wp\/v2\/product\/28961\/revisions"}],"predecessor-version":[{"id":29958,"href":"https:\/\/roboparts.ch\/fr\/wp-json\/wp\/v2\/product\/28961\/revisions\/29958"}],"wp:featuredmedia":[{"embeddable":true,"href":"https:\/\/roboparts.ch\/fr\/wp-json\/wp\/v2\/media\/29921"}],"wp:attachment":[{"href":"https:\/\/roboparts.ch\/fr\/wp-json\/wp\/v2\/media?parent=28961"}],"wp:term":[{"taxonomy":"product_brand","embeddable":true,"href":"https:\/\/roboparts.ch\/fr\/wp-json\/wp\/v2\/product_brand?post=28961"},{"taxonomy":"product_cat","embeddable":true,"href":"https:\/\/roboparts.ch\/fr\/wp-json\/wp\/v2\/product_cat?post=28961"},{"taxonomy":"product_tag","embeddable":true,"href":"https:\/\/roboparts.ch\/fr\/wp-json\/wp\/v2\/product_tag?post=28961"}],"curies":[{"name":"wp","href":"https:\/\/api.w.org\/{rel}","templated":true}]}}