{"id":28897,"date":"2026-01-15T18:32:58","date_gmt":"2026-01-15T17:32:58","guid":{"rendered":"https:\/\/roboparts.ch\/produkt\/esr-ultrafit-classic-screen-protector-pour-iphone-17-16-pro\/"},"modified":"2026-01-19T12:03:45","modified_gmt":"2026-01-19T11:03:45","slug":"esr-ultrafit-classic-screen-protector-pour-iphone-17-16-pro","status":"publish","type":"product","link":"https:\/\/roboparts.ch\/fr\/produkt\/esr-ultrafit-classic-screen-protector-pour-iphone-17-16-pro\/","title":{"rendered":"Verre blind\u00e9 ESR UltraFit Classic Screen pour iPhone 17\/16 Pro"},"content":{"rendered":"<div style=\"width: 1920px;\" class=\"wp-video\"><video class=\"wp-video-shortcode\" id=\"video-28897-1\" width=\"1920\" height=\"1080\" preload=\"metadata\" controls=\"controls\"><source type=\"video\/mp4\" src=\"https:\/\/roboparts.ch\/wp-content\/uploads\/2026\/01\/DE_\u6a2a\u677f\u4e66\u672c\u76d2L2\u7cfb\u5217\u9ad8\u6e05\u819c_iPhone-17-pro.mp4?_=1\" \/><a href=\"https:\/\/roboparts.ch\/wp-content\/uploads\/2026\/01\/DE_\u6a2a\u677f\u4e66\u672c\u76d2L2\u7cfb\u5217\u9ad8\u6e05\u819c_iPhone-17-pro.mp4\">https:\/\/roboparts.ch\/wp-content\/uploads\/2026\/01\/DE_\u6a2a\u677f\u4e66\u672c\u76d2L2\u7cfb\u5217\u9ad8\u6e05\u819c_iPhone-17-pro.mp4<\/a><\/video><\/div>\n<ul class=\"a-unordered-list a-vertical a-spacing-mini\">\n<li class=\"a-spacing-mini\"><span class=\"a-list-item\">[Exclusivement pour l&rsquo;iPhone 17 \/ iPhone 16 Pro 6,3 pouces] La protection int\u00e9grale sur mesure prot\u00e8ge chaque millim\u00e8tre de l&rsquo;\u00e9cran avec un verre blind\u00e9 pr\u00e9cis pour iPhone 17 \/ iPhone 16 Pro - des d\u00e9coupes au millim\u00e8tre pr\u00e8s garantissent une utilisation illimit\u00e9e de toutes les fonctions<\/span><\/li>\n<li class=\"a-spacing-mini\"><span class=\"a-list-item\">[Nouveaut\u00e9 du march\u00e9 : syst\u00e8me de montage UltraFit] 3x ESR Armorite iPhone 17 \/ iPhone 16 Pro verre de protection + outil de montage r\u00e9utilisable UltraFit + kit de nettoyage premiumLes rails de guidage int\u00e9gr\u00e9s positionnent le film avec pr\u00e9cision et permettent \u00e0 la poussi\u00e8re et aux bulles de s&rsquo;\u00e9chapper imm\u00e9diatement apr\u00e8s avoir retir\u00e9 le film anti-poussi\u00e8re. L&rsquo;outil de montage professionnel permet d&rsquo;installer le protecteur d&rsquo;\u00e9cran pour l&rsquo;iPhone 17 \/ 16 Pro en un rien de temps - m\u00eame les premiers utilisateurs obtiennent des r\u00e9sultats parfaits <\/span><\/li>\n<li class=\"a-spacing-mini\"><span class=\"a-list-item\">[Sensibilit\u00e9 tactile ultra-pr\u00e9cise ] Notre technologie microadh\u00e9sive transforme l&rsquo;\u00e9cran en une forteresse invisible : le protecteur d&rsquo;\u00e9cran pour iPhone 17 \/ iPhone 16 Pro repousse la poussi\u00e8re de mani\u00e8re \u00e9lectrostatique, tandis que la transmission tactile \u00e0 99,9% permet m\u00eame des mouvements de balayage rapides lors de jeux ou des coups de pinceau pr\u00e9cis dans les applications de design comme sur un \u00e9cran nu.<\/span><\/li>\n<li class=\"a-spacing-mini\"><span class=\"a-list-item\">[MIL-STD-810H protection militaire] Le verre de protection ultra-r\u00e9sistant pour iPhone 17 \/ iPhone 16 Pro r\u00e9siste aux tests quotidiens : des chutes sur l&rsquo;asphalte aux collisions avec les cl\u00e9s dans le sac \u00e0 main. Les bords sp\u00e9ciaux emp\u00eachent la rupture des bords - test\u00e9 selon les normes militaires <\/span><\/li>\n<li class=\"a-spacing-mini\"><span class=\"a-list-item\">[Verre blind\u00e9 ESR pour iPhone 17 \/ iPhone 16 Pro avec rev\u00eatement sous vide AR contre les traces de doigts, coupe l&rsquo;\u00e9blouissement de mani\u00e8re spectaculaire, 99,98% de transparence \u00e9lev\u00e9e offre une clart\u00e9 vivante, verre premium hautement transparent assure une fonctionnalit\u00e9 Face ID parfaite tout en pr\u00e9servant la clart\u00e9 originale et la qualit\u00e9 photo de l&rsquo;\u00e9cran<\/span><\/li>\n<\/ul>\n","protected":false},"excerpt":{"rendered":"<p>[Exclusivement pour l&rsquo;iPhone 17 \/ iPhone 16 Pro 6,3 pouces] La protection int\u00e9grale sur mesure prot\u00e8ge chaque millim\u00e8tre de l&rsquo;\u00e9cran<\/p>\n","protected":false},"featured_media":29455,"comment_status":"open","ping_status":"closed","template":"","meta":{"wds_primary_product_brand":0,"wds_primary_product_cat":0},"product_brand":[],"product_cat":[3755,3608,3609,3647,3671],"product_tag":[],"class_list":{"0":"post-28897","1":"product","2":"type-product","3":"status-publish","4":"has-post-thumbnail","6":"product_cat-apple","7":"product_cat-accessoires-pour-smartphones","8":"product_cat-iphone","9":"product_cat-3647","10":"product_cat-16-pour","11":"pa_farbe-transparent","12":"pa_kompatibel-mit-marke-apple","13":"pa_produkt-typ-accessoires-apple","14":"pa_produktreihe-3646","15":"pa_produktreihe-16-pour","17":"first","18":"instock","19":"taxable","20":"shipping-taxable","21":"purchasable","22":"product-type-simple"},"_links":{"self":[{"href":"https:\/\/roboparts.ch\/fr\/wp-json\/wp\/v2\/product\/28897","targetHints":{"allow":["GET"]}}],"collection":[{"href":"https:\/\/roboparts.ch\/fr\/wp-json\/wp\/v2\/product"}],"about":[{"href":"https:\/\/roboparts.ch\/fr\/wp-json\/wp\/v2\/types\/product"}],"replies":[{"embeddable":true,"href":"https:\/\/roboparts.ch\/fr\/wp-json\/wp\/v2\/comments?post=28897"}],"version-history":[{"count":2,"href":"https:\/\/roboparts.ch\/fr\/wp-json\/wp\/v2\/product\/28897\/revisions"}],"predecessor-version":[{"id":29468,"href":"https:\/\/roboparts.ch\/fr\/wp-json\/wp\/v2\/product\/28897\/revisions\/29468"}],"wp:featuredmedia":[{"embeddable":true,"href":"https:\/\/roboparts.ch\/fr\/wp-json\/wp\/v2\/media\/29455"}],"wp:attachment":[{"href":"https:\/\/roboparts.ch\/fr\/wp-json\/wp\/v2\/media?parent=28897"}],"wp:term":[{"taxonomy":"product_brand","embeddable":true,"href":"https:\/\/roboparts.ch\/fr\/wp-json\/wp\/v2\/product_brand?post=28897"},{"taxonomy":"product_cat","embeddable":true,"href":"https:\/\/roboparts.ch\/fr\/wp-json\/wp\/v2\/product_cat?post=28897"},{"taxonomy":"product_tag","embeddable":true,"href":"https:\/\/roboparts.ch\/fr\/wp-json\/wp\/v2\/product_tag?post=28897"}],"curies":[{"name":"wp","href":"https:\/\/api.w.org\/{rel}","templated":true}]}}