{"id":28881,"date":"2026-01-15T18:27:52","date_gmt":"2026-01-15T17:27:52","guid":{"rendered":"https:\/\/roboparts.ch\/produkt\/esr-classic-hybrid-magnetic-case-pour-iphone-17-pro-transparent\/"},"modified":"2026-02-03T09:40:46","modified_gmt":"2026-02-03T08:40:46","slug":"esr-classic-hybrid-magnetic-case-pour-iphone-17-pro-transparent","status":"publish","type":"product","link":"https:\/\/roboparts.ch\/fr\/produkt\/esr-classic-hybrid-magnetic-case-pour-iphone-17-pro-transparent\/","title":{"rendered":"ESR Classic Hybrid Magnetic Cover pour iPhone 17 Pro"},"content":{"rendered":"<h2 class=\"a-size-base-plus a-text-bold\">A propos de cet article<\/h2>\n<ul class=\"a-unordered-list a-vertical a-spacing-mini\">\n<li class=\"a-spacing-mini\"><span class=\"a-list-item\">[Compatibilit\u00e9] Pour iPhone 17 Pro uniquement ; ne contient pas de film de protection de la lentille de l&rsquo;appareil photo ni de protection int\u00e9gr\u00e9e de la lentille de l&rsquo;appareil photo.<\/span><\/li>\n<li class=\"a-spacing-mini\"><span class=\"a-list-item\">[Conception innovante du bouton de l&rsquo;appareil photo] Avec son bouton de commande affleurant, l&rsquo;\u00e9tui pour iPhone 17 Pro prot\u00e8ge le bouton d&rsquo;origine gr\u00e2ce \u00e0 une conception sans couture. La zone du bouton \u00e9tant enti\u00e8rement recouverte, le bouton d&rsquo;origine sensible reste prot\u00e9g\u00e9 contre l&rsquo;usure m\u00e9canique. L&rsquo;\u00e9tui combine cela avec une nouvelle commande de l&rsquo;appareil photo qui optimise l&rsquo;utilisation de la commande du module triple cam\u00e9ra tout en am\u00e9liorant le toucher.  <\/span><\/li>\n<li class=\"a-spacing-mini\"><span class=\"a-list-item\">[Support de dissimulation r\u00e9glable] Positionn\u00e9 autour du cadre de l&rsquo;appareil photo pour rester cach\u00e9 lorsqu&rsquo;il est repli\u00e9, tout en laissant l&rsquo;anneau MagSafe 100 % libre ; profite d&rsquo;une vue stable et librement r\u00e9glable pour regarder des \u00e9missions \u00e0 tout moment et en tout lieu. Cette coque pour iPhone 17 Pro t&rsquo;offre un confort optimal <\/span><\/li>\n<li class=\"a-spacing-mini\"><span class=\"a-list-item\">[Fermeture magn\u00e9tique plus puissante] De puissants aimants int\u00e9gr\u00e9s d&rsquo;une force de maintien de 1 500 g permettent un chargement sans fil plus rapide et plus facile, sur place comme \u00e0 emporter, et une fermeture s\u00fbre de tout accessoire MagSafe. Parfait pour ton \u00e9tui iPhone 17 Pro MagSafe <\/span><\/li>\n<li class=\"a-spacing-mini\"><span class=\"a-list-item\">[Doux et agr\u00e9able au toucher] L&rsquo;\u00e9tui pour iPhone 17 Pro allie confort luxueux et protection professionnelle. La silicone douce et soyeuse offre non seulement une prise en main souple et anti-d\u00e9rapante, mais elle \u00e9pouse aussi pr\u00e9cis\u00e9ment les contours de votre smartiPhone - m\u00eame en cas d&rsquo;utilisation intensive, l&rsquo;\u00e9tui reste stable dans la main. <\/span><\/li>\n<\/ul>\n","protected":false},"excerpt":{"rendered":"<p>A propos de cet article [Compatibilit\u00e9] Pour iPhone 17 Pro uniquement ; ne contient pas de film de protection de<\/p>\n","protected":false},"featured_media":29329,"comment_status":"open","ping_status":"closed","template":"","meta":{"wds_primary_product_brand":0,"wds_primary_product_cat":0},"product_brand":[],"product_cat":[3755,3608,3609,3610],"product_tag":[],"class_list":{"0":"post-28881","1":"product","2":"type-product","3":"status-publish","4":"has-post-thumbnail","6":"product_cat-apple","7":"product_cat-accessoires-pour-smartphones","8":"product_cat-iphone","9":"product_cat-17-pour","10":"product_shipping_class-lettre-postale","11":"pa_farbe-transparent","12":"pa_kompatibel-mit-marke-iphone","13":"pa_produkt-typ-accessoires-apple","14":"pa_produktreihe-iphone-17-pro","16":"first","17":"instock","18":"taxable","19":"shipping-taxable","20":"purchasable","21":"product-type-simple"},"_links":{"self":[{"href":"https:\/\/roboparts.ch\/fr\/wp-json\/wp\/v2\/product\/28881","targetHints":{"allow":["GET"]}}],"collection":[{"href":"https:\/\/roboparts.ch\/fr\/wp-json\/wp\/v2\/product"}],"about":[{"href":"https:\/\/roboparts.ch\/fr\/wp-json\/wp\/v2\/types\/product"}],"replies":[{"embeddable":true,"href":"https:\/\/roboparts.ch\/fr\/wp-json\/wp\/v2\/comments?post=28881"}],"version-history":[{"count":2,"href":"https:\/\/roboparts.ch\/fr\/wp-json\/wp\/v2\/product\/28881\/revisions"}],"predecessor-version":[{"id":29394,"href":"https:\/\/roboparts.ch\/fr\/wp-json\/wp\/v2\/product\/28881\/revisions\/29394"}],"wp:featuredmedia":[{"embeddable":true,"href":"https:\/\/roboparts.ch\/fr\/wp-json\/wp\/v2\/media\/29329"}],"wp:attachment":[{"href":"https:\/\/roboparts.ch\/fr\/wp-json\/wp\/v2\/media?parent=28881"}],"wp:term":[{"taxonomy":"product_brand","embeddable":true,"href":"https:\/\/roboparts.ch\/fr\/wp-json\/wp\/v2\/product_brand?post=28881"},{"taxonomy":"product_cat","embeddable":true,"href":"https:\/\/roboparts.ch\/fr\/wp-json\/wp\/v2\/product_cat?post=28881"},{"taxonomy":"product_tag","embeddable":true,"href":"https:\/\/roboparts.ch\/fr\/wp-json\/wp\/v2\/product_tag?post=28881"}],"curies":[{"name":"wp","href":"https:\/\/api.w.org\/{rel}","templated":true}]}}