{"id":28821,"date":"2026-01-09T10:38:47","date_gmt":"2026-01-09T09:38:47","guid":{"rendered":"https:\/\/roboparts.ch\/produkt\/esr-classic-hybrid-magnetic-case-camera-control-pour-iphone-17-pro-max\/"},"modified":"2026-01-19T12:07:54","modified_gmt":"2026-01-19T11:07:54","slug":"esr-classic-hybrid-magnetic-case-camera-control-pour-iphone-17-pro-max","status":"publish","type":"product","link":"https:\/\/roboparts.ch\/fr\/produkt\/esr-classic-hybrid-magnetic-case-camera-control-pour-iphone-17-pro-max\/","title":{"rendered":"ESR Classic Hybrid Magnetic Case pour iPhone 17 Pro Max"},"content":{"rendered":"<div style=\"width: 1920px;\" class=\"wp-video\"><video class=\"wp-video-shortcode\" id=\"video-28821-1\" width=\"1920\" height=\"1080\" preload=\"metadata\" controls=\"controls\"><source type=\"video\/mp4\" src=\"https:\/\/roboparts.ch\/wp-content\/uploads\/2026\/01\/DE\u5fb7\u8bed\u5de7\u6c47\u58f3\u6a2a\u6784\u56fe-iPhone-17-Pro-Max.mp4?_=1\" \/><a href=\"https:\/\/roboparts.ch\/wp-content\/uploads\/2026\/01\/DE\u5fb7\u8bed\u5de7\u6c47\u58f3\u6a2a\u6784\u56fe-iPhone-17-Pro-Max.mp4\">https:\/\/roboparts.ch\/wp-content\/uploads\/2026\/01\/DE\u5fb7\u8bed\u5de7\u6c47\u58f3\u6a2a\u6784\u56fe-iPhone-17-Pro-Max.mp4<\/a><\/video><\/div>\n<p class=\"yVWuFvz5 yVWuFvz6 yVWuFvz8\">L&rsquo;\u00e9tui Classic Hybrid Magnetic Case (Camera Control) pour l&rsquo;iPhone 17 Pro Max d&rsquo;ESR offre une combinaison bien pens\u00e9e de protection et de fonctionnalit\u00e9. Fabriqu\u00e9e en TPU et en mat\u00e9riau composite, cette coque pour smartphone offre une construction robuste qui r\u00e9siste aux contraintes du quotidien. Avec un accent particulier sur l&rsquo;appareil photo, l&rsquo;\u00e9tui dispose d&rsquo;un couvercle int\u00e9gr\u00e9 qui assure une protection compl\u00e8te du nouvel appareil photo. L&rsquo;\u00e9tui est con\u00e7u non seulement pour pr\u00e9server la fonctionnalit\u00e9 de l&rsquo;appareil, mais aussi pour offrir un aspect fin et \u00e9l\u00e9gant. Les coins sont dot\u00e9s d&rsquo;une protection anti-a\u00e9rienne qui absorbe les chocs et offre une protection suppl\u00e9mentaire en cas de chute. L&rsquo;\u00e9tui est \u00e9galement dot\u00e9 d&rsquo;une fermeture magn\u00e9tique puissante qui garantit une s\u00e9curit\u00e9 et une facilit\u00e9 d&rsquo;utilisation am\u00e9lior\u00e9es.     <\/p>\n<ul class=\"yVWuFvzC\">\n<li class=\"yVWuFvzD yVWuFvzE yVWuFvzF\">3x Military-Grade Protection avec 11-ft Drop Protection<\/li>\n<li class=\"yVWuFvzD yVWuFvzE yVWuFvzF\">Couvercle de cam\u00e9ra int\u00e9gr\u00e9 pour une protection compl\u00e8te de la cam\u00e9ra<\/li>\n<li class=\"yVWuFvzD yVWuFvzE yVWuFvzF\">Coins Air Guard amortissant les chocs pour une protection suppl\u00e9mentaire<\/li>\n<li class=\"yVWuFvzD yVWuFvzE yVWuFvzF\">Duret\u00e9 4H du dos acrylique pour une r\u00e9sistance accrue<\/li>\n<li class=\"yVWuFvzD yVWuFvzE yVWuFvzF\">1500g de force magn\u00e9tique, 2x plus fort que les pochettes officielles.<\/li>\n<\/ul>\n","protected":false},"excerpt":{"rendered":"<p>L&rsquo;\u00e9tui Classic Hybrid Magnetic Case (Camera Control) pour l&rsquo;iPhone 17 Pro Max d&rsquo;ESR offre une combinaison bien pens\u00e9e de protection<\/p>\n","protected":false},"featured_media":29212,"comment_status":"open","ping_status":"closed","template":"","meta":{"wds_primary_product_brand":0,"wds_primary_product_cat":0},"product_brand":[],"product_cat":[3608,3609,3626,3755],"product_tag":[],"class_list":{"0":"post-28821","1":"product","2":"type-product","3":"status-publish","4":"has-post-thumbnail","6":"product_cat-accessoires-pour-smartphones","7":"product_cat-iphone","8":"product_cat-17-pro-max","9":"product_cat-apple","10":"pa_produkt-typ-accessoires-apple","11":"pa_produktreihe-17-pro-max","13":"first","14":"instock","15":"taxable","16":"shipping-taxable","17":"purchasable","18":"product-type-simple"},"_links":{"self":[{"href":"https:\/\/roboparts.ch\/fr\/wp-json\/wp\/v2\/product\/28821","targetHints":{"allow":["GET"]}}],"collection":[{"href":"https:\/\/roboparts.ch\/fr\/wp-json\/wp\/v2\/product"}],"about":[{"href":"https:\/\/roboparts.ch\/fr\/wp-json\/wp\/v2\/types\/product"}],"replies":[{"embeddable":true,"href":"https:\/\/roboparts.ch\/fr\/wp-json\/wp\/v2\/comments?post=28821"}],"version-history":[{"count":1,"href":"https:\/\/roboparts.ch\/fr\/wp-json\/wp\/v2\/product\/28821\/revisions"}],"predecessor-version":[{"id":29245,"href":"https:\/\/roboparts.ch\/fr\/wp-json\/wp\/v2\/product\/28821\/revisions\/29245"}],"wp:featuredmedia":[{"embeddable":true,"href":"https:\/\/roboparts.ch\/fr\/wp-json\/wp\/v2\/media\/29212"}],"wp:attachment":[{"href":"https:\/\/roboparts.ch\/fr\/wp-json\/wp\/v2\/media?parent=28821"}],"wp:term":[{"taxonomy":"product_brand","embeddable":true,"href":"https:\/\/roboparts.ch\/fr\/wp-json\/wp\/v2\/product_brand?post=28821"},{"taxonomy":"product_cat","embeddable":true,"href":"https:\/\/roboparts.ch\/fr\/wp-json\/wp\/v2\/product_cat?post=28821"},{"taxonomy":"product_tag","embeddable":true,"href":"https:\/\/roboparts.ch\/fr\/wp-json\/wp\/v2\/product_tag?post=28821"}],"curies":[{"name":"wp","href":"https:\/\/api.w.org\/{rel}","templated":true}]}}