{"id":28434,"date":"2025-12-30T13:21:27","date_gmt":"2025-12-30T12:21:27","guid":{"rendered":"https:\/\/roboparts.ch\/produkt\/sac-a-poussiere-pour-roborock-h5-h7\/"},"modified":"2026-01-06T10:38:42","modified_gmt":"2026-01-06T09:38:42","slug":"sac-a-poussiere-pour-roborock-h5-h7","status":"publish","type":"product","link":"https:\/\/roboparts.ch\/fr\/produkt\/sac-a-poussiere-pour-roborock-h5-h7\/","title":{"rendered":"Sac \u00e0 poussi\u00e8re pour l&rsquo;aspirateur \u00e0 main sans fil Roborock H5 \/ H7 \/ H6"},"content":{"rendered":"<ul class=\"a-unordered-list a-vertical a-spacing-mini\">\n<li class=\"a-spacing-mini\"><span class=\"a-list-item\">Compatible avec l&rsquo;aspirateur \u00e0 main sans fil Roborock H5 \/ H7 \/ H6  <\/span><\/li>\n<li class=\"a-spacing-mini\"><span class=\"a-list-item\">Remplacement rapide et sans effort, aucun outil n\u00e9cessaire, ajustement parfait<\/span><\/li>\n<li class=\"a-spacing-mini\"><span class=\"a-list-item\">Contenu du set : 3 x sacs \u00e0 poussi\u00e8re<\/span><\/li>\n<\/ul>\n","protected":false},"excerpt":{"rendered":"<p>Compatible avec l&rsquo;aspirateur \u00e0 main sans fil Roborock H5 \/ H7 \/ H6 Remplacement rapide et sans effort, aucun outil<\/p>\n","protected":false},"featured_media":28486,"comment_status":"open","ping_status":"closed","template":"","meta":{"wds_primary_product_brand":0,"wds_primary_product_cat":0},"product_brand":[],"product_cat":[997,3574,3575,3576],"product_tag":[],"class_list":{"0":"post-28434","1":"product","2":"type-product","3":"status-publish","4":"has-post-thumbnail","6":"product_cat-non-categorise","7":"product_cat-h5","8":"product_cat-h7","9":"product_cat-h6","10":"pa_kompatibel-mit-marke-roborock-fr","11":"pa_produkt-typ-accessoires","12":"pa_produktreihe-h5-h7-h6","14":"first","15":"instock","16":"taxable","17":"shipping-taxable","18":"purchasable","19":"product-type-simple"},"_links":{"self":[{"href":"https:\/\/roboparts.ch\/fr\/wp-json\/wp\/v2\/product\/28434","targetHints":{"allow":["GET"]}}],"collection":[{"href":"https:\/\/roboparts.ch\/fr\/wp-json\/wp\/v2\/product"}],"about":[{"href":"https:\/\/roboparts.ch\/fr\/wp-json\/wp\/v2\/types\/product"}],"replies":[{"embeddable":true,"href":"https:\/\/roboparts.ch\/fr\/wp-json\/wp\/v2\/comments?post=28434"}],"version-history":[{"count":2,"href":"https:\/\/roboparts.ch\/fr\/wp-json\/wp\/v2\/product\/28434\/revisions"}],"predecessor-version":[{"id":28635,"href":"https:\/\/roboparts.ch\/fr\/wp-json\/wp\/v2\/product\/28434\/revisions\/28635"}],"wp:featuredmedia":[{"embeddable":true,"href":"https:\/\/roboparts.ch\/fr\/wp-json\/wp\/v2\/media\/28486"}],"wp:attachment":[{"href":"https:\/\/roboparts.ch\/fr\/wp-json\/wp\/v2\/media?parent=28434"}],"wp:term":[{"taxonomy":"product_brand","embeddable":true,"href":"https:\/\/roboparts.ch\/fr\/wp-json\/wp\/v2\/product_brand?post=28434"},{"taxonomy":"product_cat","embeddable":true,"href":"https:\/\/roboparts.ch\/fr\/wp-json\/wp\/v2\/product_cat?post=28434"},{"taxonomy":"product_tag","embeddable":true,"href":"https:\/\/roboparts.ch\/fr\/wp-json\/wp\/v2\/product_tag?post=28434"}],"curies":[{"name":"wp","href":"https:\/\/api.w.org\/{rel}","templated":true}]}}