{"id":25754,"date":"2025-10-31T14:33:04","date_gmt":"2025-10-31T13:33:04","guid":{"rendered":"https:\/\/roboparts.ch\/?post_type=product&#038;p=25754"},"modified":"2026-03-13T11:34:11","modified_gmt":"2026-03-13T10:34:11","slug":"filtres-hepa-pour-robots-aspirateurs-roborock-q8-max-max-q7max-max-q5-pro-pro-8-pieces-kopie","status":"publish","type":"product","link":"https:\/\/roboparts.ch\/fr\/produkt\/filtres-hepa-pour-robots-aspirateurs-roborock-q8-max-max-q7max-max-q5-pro-pro-8-pieces-kopie\/","title":{"rendered":"Filtre HEPA pour Roborock Q8 Max\/Max+ Q7Max\/Max+ Robot aspirateur"},"content":{"rendered":"<ul class=\"a-unordered-list a-vertical a-spacing-mini\">\n<li class=\"a-spacing-mini\"><span class=\"a-list-item\">Mat\u00e9riel de haute qualit\u00e9 en qualit\u00e9 d&rsquo;origine<\/span><\/li>\n<li class=\"a-spacing-mini\"><span class=\"a-list-item\">Compatible avec Roborock Q8 Max\/Max+ Q7Max\/Max+ Q5 Pro\/Pro+.<\/span><\/li>\n<li class=\"a-spacing-mini\"><span class=\"a-list-item\">Remplacement rapide et sans effort, aucun outil n\u00e9cessaire, ajustement parfait<\/span><\/li>\n<li class=\"a-spacing-mini\"><span class=\"a-list-item\">Contenu du set : 4 filtres Hepa<\/span><\/li>\n<\/ul>\n","protected":false},"excerpt":{"rendered":"<p>Filtre HEPA pour Roborock Q8 Max\/Max+ Q7Max\/Max+ Q5 Pro\/Pro+ Robot aspirateur-<\/p>\n<p><span class=\"a-list-item\">Contenu du set : 8 filtres Hepa<\/span><\/p>\n","protected":false},"featured_media":27271,"comment_status":"open","ping_status":"closed","template":"","meta":{"wds_primary_product_brand":0,"wds_primary_product_cat":0},"product_brand":[],"product_cat":[1034,1853,1854,1014,1015,1033],"product_tag":[1855],"class_list":{"0":"post-25754","1":"product","2":"type-product","3":"status-publish","4":"has-post-thumbnail","6":"product_cat-q8-max-fr-2","7":"product_cat-q7-max-fr","8":"product_cat-q7-max-fr-2","9":"product_cat-q8-max-fr","10":"product_cat-q5-pro-fr","11":"product_cat-q5-pro-fr-2","12":"product_tag-filtre-hepa-pour-roborock-q8-max-max-q7max-max-q5-pro-pro-robot-aspirateur","13":"product_shipping_class-petits-envois-postaux","14":"pa_kompatibel-mit-marke-roborock-fr","15":"pa_produkt-typ-accessoires","16":"pa_produktreihe-q7max-max-fr","17":"pa_produktreihe-q5-pro-pro-fr","18":"pa_produktreihe-q8-max-fr","19":"pa_produktreihe-q8-max-fr-2","21":"first","22":"instock","23":"taxable","24":"shipping-taxable","25":"purchasable","26":"product-type-simple"},"_links":{"self":[{"href":"https:\/\/roboparts.ch\/fr\/wp-json\/wp\/v2\/product\/25754","targetHints":{"allow":["GET"]}}],"collection":[{"href":"https:\/\/roboparts.ch\/fr\/wp-json\/wp\/v2\/product"}],"about":[{"href":"https:\/\/roboparts.ch\/fr\/wp-json\/wp\/v2\/types\/product"}],"replies":[{"embeddable":true,"href":"https:\/\/roboparts.ch\/fr\/wp-json\/wp\/v2\/comments?post=25754"}],"version-history":[{"count":2,"href":"https:\/\/roboparts.ch\/fr\/wp-json\/wp\/v2\/product\/25754\/revisions"}],"predecessor-version":[{"id":25760,"href":"https:\/\/roboparts.ch\/fr\/wp-json\/wp\/v2\/product\/25754\/revisions\/25760"}],"wp:featuredmedia":[{"embeddable":true,"href":"https:\/\/roboparts.ch\/fr\/wp-json\/wp\/v2\/media\/27271"}],"wp:attachment":[{"href":"https:\/\/roboparts.ch\/fr\/wp-json\/wp\/v2\/media?parent=25754"}],"wp:term":[{"taxonomy":"product_brand","embeddable":true,"href":"https:\/\/roboparts.ch\/fr\/wp-json\/wp\/v2\/product_brand?post=25754"},{"taxonomy":"product_cat","embeddable":true,"href":"https:\/\/roboparts.ch\/fr\/wp-json\/wp\/v2\/product_cat?post=25754"},{"taxonomy":"product_tag","embeddable":true,"href":"https:\/\/roboparts.ch\/fr\/wp-json\/wp\/v2\/product_tag?post=25754"}],"curies":[{"name":"wp","href":"https:\/\/api.w.org\/{rel}","templated":true}]}}