{"id":25282,"date":"2025-10-28T13:59:17","date_gmt":"2025-10-28T12:59:17","guid":{"rendered":"https:\/\/roboparts.ch\/?post_type=product&#038;p=25282"},"modified":"2026-03-10T18:06:25","modified_gmt":"2026-03-10T17:06:25","slug":"set-daccessoires-pour-le-robot-aspirateur-xiaomi-x10-x20-kopie","status":"publish","type":"product","link":"https:\/\/roboparts.ch\/fr\/produkt\/set-daccessoires-pour-le-robot-aspirateur-xiaomi-x10-x20-kopie\/","title":{"rendered":"Brosse lat\u00e9rale pour robot aspirateur Xiaomi X10+ X20"},"content":{"rendered":"<ul class=\"a-unordered-list a-vertical a-spacing-mini\">\n<li class=\"a-spacing-mini\"><span class=\"a-list-item\"><span class=\"a-list-item\"><span class=\"a-list-item\">Compatible avec <\/span><\/span><\/span>Xiaomi X20+ \/ X10+\/X20 Max\/X20 Pro, pour Dreame L10s Ultra, L10 Ultra, L10 Prime, L10s Pro Gen 2, S10, S10 Pro, S20, S20 Pro<\/li>\n<li class=\"a-spacing-mini\"><span class=\"a-list-item\">Remplacement rapide et sans effort, aucun outil n\u00e9cessaire, ajustement parfait<\/span><\/li>\n<li class=\"a-spacing-mini\"><span class=\"a-list-item\">Contenu du set:6x brosses lat\u00e9rales<\/span><\/li>\n<li class=\"a-spacing-mini\">Les puissantes brosses lat\u00e9rales permettent un nettoyage particuli\u00e8rement minutieux jusque dans les moindres recoins. Elles balaient la poussi\u00e8re et la salet\u00e9 de mani\u00e8re cibl\u00e9e dans le canal d&rsquo;aspiration et garantissent ainsi une maison impeccablement propre, m\u00eame dans les endroits difficiles d&rsquo;acc\u00e8s. <\/li>\n<li class=\"a-spacing-mini\"><span class=\"a-list-item\">Qualit\u00e9 sup\u00e9rieure, processus de nettoyage tr\u00e8s silencieux<\/span><\/li>\n<\/ul>\n","protected":false},"excerpt":{"rendered":"<p>Set d&rsquo;accessoires pour le robot aspirateur Xiaomi X10+ -<\/p>\n<p><span class=\"a-list-item\">Set Contenu : 4 x tampons de nettoyage, 4 x brosses lat\u00e9rales, 1 x brosse principale, 2 x filtres HEPA, 4 x sacs \u00e0 poussi\u00e8re<\/span><\/p>\n","protected":false},"featured_media":26686,"comment_status":"open","ping_status":"closed","template":"","meta":{"wds_primary_product_brand":0,"wds_primary_product_cat":0},"product_brand":[],"product_cat":[3433,3434,3435,3436,3437,3438,1152,1154,1156],"product_tag":[1835],"class_list":{"0":"post-25282","1":"product","2":"type-product","3":"status-publish","4":"has-post-thumbnail","6":"product_cat-l10-prime","7":"product_cat-l10s-pro-gen-2","8":"product_cat-s10","9":"product_cat-s10-pro","10":"product_cat-s20","11":"product_cat-s20-pro","12":"product_cat-x10-fr","13":"product_cat-l10s-ultra-fr","14":"product_cat-l10-ultra-fr","15":"product_tag-kit-daccessoires-pour-le-robot-aspirateur-xiaomi-x10","16":"pa_kompatibel-mit-marke-xiaomi-fr","17":"pa_produkt-typ-accessoires","18":"pa_produktreihe-x10-fr","20":"first","21":"outofstock","22":"taxable","23":"shipping-taxable","24":"purchasable","25":"product-type-simple"},"_links":{"self":[{"href":"https:\/\/roboparts.ch\/fr\/wp-json\/wp\/v2\/product\/25282","targetHints":{"allow":["GET"]}}],"collection":[{"href":"https:\/\/roboparts.ch\/fr\/wp-json\/wp\/v2\/product"}],"about":[{"href":"https:\/\/roboparts.ch\/fr\/wp-json\/wp\/v2\/types\/product"}],"replies":[{"embeddable":true,"href":"https:\/\/roboparts.ch\/fr\/wp-json\/wp\/v2\/comments?post=25282"}],"version-history":[{"count":2,"href":"https:\/\/roboparts.ch\/fr\/wp-json\/wp\/v2\/product\/25282\/revisions"}],"predecessor-version":[{"id":25292,"href":"https:\/\/roboparts.ch\/fr\/wp-json\/wp\/v2\/product\/25282\/revisions\/25292"}],"wp:featuredmedia":[{"embeddable":true,"href":"https:\/\/roboparts.ch\/fr\/wp-json\/wp\/v2\/media\/26686"}],"wp:attachment":[{"href":"https:\/\/roboparts.ch\/fr\/wp-json\/wp\/v2\/media?parent=25282"}],"wp:term":[{"taxonomy":"product_brand","embeddable":true,"href":"https:\/\/roboparts.ch\/fr\/wp-json\/wp\/v2\/product_brand?post=25282"},{"taxonomy":"product_cat","embeddable":true,"href":"https:\/\/roboparts.ch\/fr\/wp-json\/wp\/v2\/product_cat?post=25282"},{"taxonomy":"product_tag","embeddable":true,"href":"https:\/\/roboparts.ch\/fr\/wp-json\/wp\/v2\/product_tag?post=25282"}],"curies":[{"name":"wp","href":"https:\/\/api.w.org\/{rel}","templated":true}]}}