{"id":20536,"date":"2025-02-25T14:24:13","date_gmt":"2025-02-25T13:24:13","guid":{"rendered":"https:\/\/roboparts.ch\/produkt\/petkit-filtre-pour-fontaine-eversweet-max-5-pieces\/"},"modified":"2025-04-01T14:05:25","modified_gmt":"2025-04-01T12:05:25","slug":"petkit-filtre-pour-fontaine-eversweet-max-5-pieces","status":"publish","type":"product","link":"https:\/\/roboparts.ch\/fr\/produkt\/petkit-filtre-pour-fontaine-eversweet-max-5-pieces\/","title":{"rendered":"PETKIT Filtre pour fontaine EVERSWEET MAX | 5 pi\u00e8ces"},"content":{"rendered":"<h2 class=\"product-detail-description-title\">PETKIT Filtres pour fontaine EVERSWEET MAX | 5 pi\u00e8ces\".<\/h2>\n<div class=\"product-detail-description-text\">\n<p>Le filtre PETKIT pour la fontaine EVERSWEET MAX assure une qualit\u00e9 d&rsquo;eau optimale et contribue \u00e0 la sant\u00e9 de l&rsquo;animal domestique. Gr\u00e2ce \u00e0 son syst\u00e8me de filtration multicouche et \u00e0 sa facilit\u00e9 d&rsquo;utilisation, il garantit une eau toujours propre et fra\u00eeche. <\/p>\n<p><b>Syst\u00e8me de filtration multicouche efficace<\/b><br \/>\nLe filtre de l&rsquo;EVERSWEET MAX utilise un syst\u00e8me multicouche avanc\u00e9 qui \u00e9limine efficacement les impuret\u00e9s et les odeurs. Le mat\u00e9riau filtrant haute densit\u00e9 filtre les cheveux et autres particules de l&rsquo;eau, tandis que le charbon actif fritt\u00e9 absorbe les r\u00e9sidus de chlore et les odeurs d\u00e9sagr\u00e9ables. L&rsquo;eau reste ainsi fra\u00eeche et sans go\u00fbt - parfaite pour les soins quotidiens de l&rsquo;animal domestique.  <\/p>\n<p><b>Promouvoir la sant\u00e9 de l&rsquo;animal de compagnie<\/b><br \/>\nBoire r\u00e9guli\u00e8rement de l&rsquo;eau propre peut r\u00e9duire le risque de maladies urinaires chez les animaux de compagnie. Le filtre PETKIT permet de s&rsquo;assurer qu&rsquo;il y a toujours un acc\u00e8s \u00e0 de l&rsquo;eau fra\u00eeche et filtr\u00e9e. <\/p>\n<p><b>Facile \u00e0 utiliser et \u00e0 remplacer r\u00e9guli\u00e8rement<\/b><br \/>\nAvant la premi\u00e8re utilisation, le filtre doit \u00eatre tremp\u00e9 dans l&rsquo;eau pendant au moins 10 minutes, puis rinc\u00e9 abondamment. Pour une qualit\u00e9 d&rsquo;eau \u00e9lev\u00e9e en permanence, il est recommand\u00e9 de changer le filtre toutes les 2 \u00e0 4 semaines. L&rsquo;application PETKIT propose une fonction de rappel pour planifier le remplacement du filtre \u00e0 temps.  <\/p>\n<p><b>Compatibilit\u00e9<\/b><br \/>\nLe filtre est sp\u00e9cialement con\u00e7u pour la fontaine EVERSWEET MAX de PETKIT et garantit un ajustement sans faille et des performances optimales.<\/p>\n<p>Le filtre PETKIT pour l&rsquo;EVERSWEET MAX offre un moyen simple et efficace d&rsquo;am\u00e9liorer la qualit\u00e9 de l&rsquo;eau pour les animaux domestiques. Gr\u00e2ce \u00e0 son syst\u00e8me de filtration avanc\u00e9 et \u00e0 l&rsquo;aide de l&rsquo;application PETKIT, il assure la sant\u00e9 et le bien-\u00eatre de l&rsquo;animal de compagnie - pour une exp\u00e9rience d&rsquo;hydratation propre et sans souci. <\/p>\n<\/div>\n","protected":false},"excerpt":{"rendered":"<p>PETKIT Filtres pour fontaine EVERSWEET MAX | 5 pi\u00e8ces\". Le filtre PETKIT pour la fontaine EVERSWEET MAX assure une qualit\u00e9<\/p>\n","protected":false},"featured_media":18978,"comment_status":"open","ping_status":"closed","template":"","meta":{"wds_primary_product_brand":0,"wds_primary_product_cat":0},"product_brand":[],"product_cat":[997,2580,2624],"product_tag":[],"class_list":{"0":"post-20536","1":"product","2":"type-product","3":"status-publish","4":"has-post-thumbnail","6":"product_cat-non-categorise","7":"product_cat-petkit-fr","8":"product_cat-filter-unit-5pcs-pour-eversweet-max","9":"pa_produkt-typ-appareils-intelligents-pour-animaux-domestiques","11":"first","12":"instock","13":"taxable","14":"shipping-taxable","15":"purchasable","16":"product-type-simple"},"_links":{"self":[{"href":"https:\/\/roboparts.ch\/fr\/wp-json\/wp\/v2\/product\/20536","targetHints":{"allow":["GET"]}}],"collection":[{"href":"https:\/\/roboparts.ch\/fr\/wp-json\/wp\/v2\/product"}],"about":[{"href":"https:\/\/roboparts.ch\/fr\/wp-json\/wp\/v2\/types\/product"}],"replies":[{"embeddable":true,"href":"https:\/\/roboparts.ch\/fr\/wp-json\/wp\/v2\/comments?post=20536"}],"version-history":[{"count":1,"href":"https:\/\/roboparts.ch\/fr\/wp-json\/wp\/v2\/product\/20536\/revisions"}],"predecessor-version":[{"id":21304,"href":"https:\/\/roboparts.ch\/fr\/wp-json\/wp\/v2\/product\/20536\/revisions\/21304"}],"wp:featuredmedia":[{"embeddable":true,"href":"https:\/\/roboparts.ch\/fr\/wp-json\/wp\/v2\/media\/18978"}],"wp:attachment":[{"href":"https:\/\/roboparts.ch\/fr\/wp-json\/wp\/v2\/media?parent=20536"}],"wp:term":[{"taxonomy":"product_brand","embeddable":true,"href":"https:\/\/roboparts.ch\/fr\/wp-json\/wp\/v2\/product_brand?post=20536"},{"taxonomy":"product_cat","embeddable":true,"href":"https:\/\/roboparts.ch\/fr\/wp-json\/wp\/v2\/product_cat?post=20536"},{"taxonomy":"product_tag","embeddable":true,"href":"https:\/\/roboparts.ch\/fr\/wp-json\/wp\/v2\/product_tag?post=20536"}],"curies":[{"name":"wp","href":"https:\/\/api.w.org\/{rel}","templated":true}]}}