{"id":20154,"date":"2024-02-18T14:52:35","date_gmt":"2024-02-18T13:52:35","guid":{"rendered":"https:\/\/roboparts.ch\/produkt\/kit-daccessoires-pour-irobot-roomba-i7-i3-i4-i6-i8-i1\/"},"modified":"2025-11-05T15:00:45","modified_gmt":"2025-11-05T14:00:45","slug":"kit-daccessoires-pour-irobot-roomba-i7-i3-i4-i6-i8-i1","status":"publish","type":"product","link":"https:\/\/roboparts.ch\/fr\/produkt\/kit-daccessoires-pour-irobot-roomba-i7-i3-i4-i6-i8-i1\/","title":{"rendered":"Kit d&rsquo;accessoires pour iRobot Roomba i7+ i3+ i4+ i6+ i8+ i1"},"content":{"rendered":"<ul class=\"a-unordered-list a-vertical a-spacing-mini\">\n<li class=\"a-spacing-mini\"><span class=\"a-list-item\">Kit d&rsquo;accessoires compatible avec iRobot Roomba i7+ i3+ i4+ i8+ i1<\/span><\/li>\n<li class=\"a-spacing-mini\"><span class=\"a-list-item\">Brosse principale en qualit\u00e9 d&rsquo;origine, processus de nettoyage tr\u00e8s silencieux<\/span><\/li>\n<li class=\"a-spacing-mini\"><span class=\"a-list-item\">Remplacement rapide et sans effort, aucun outil n\u00e9cessaire, ajustement parfait<\/span><\/li>\n<li><span class=\"a-list-item\">Contenu du kit : 2 x brosses principales, 4 x filtres HEPA, 4 x brosses lat\u00e9rales, 4 x sacs \u00e0 poussi\u00e8re<\/span><\/li>\n<\/ul>\n","protected":false},"excerpt":{"rendered":"<p>Kit d&rsquo;accessoires pour iRobot Roomba i7+ i3+ i4+ i6+ i8+ i1<\/p>\n","protected":false},"featured_media":14775,"comment_status":"open","ping_status":"closed","template":"","meta":{"wds_primary_product_brand":0,"wds_primary_product_cat":0},"product_brand":[],"product_cat":[1307,1923,1302,1304,1305],"product_tag":[1925],"class_list":{"0":"post-20154","1":"product","2":"type-product","3":"status-publish","4":"has-post-thumbnail","6":"product_cat-roomba-i7-fr","7":"product_cat-roomba-i8-fr","8":"product_cat-roomba-serie-i-fr","9":"product_cat-roomba-i3-fr-2","10":"product_cat-roomba-i4-fr","11":"product_tag-kit-daccessoires-pour-irobot-roomba-i7-i3-i4-i6-i8-i1","12":"pa_kompatibel-mit-marke-irobot-fr","13":"pa_produkt-typ-accessoires","14":"pa_produktreihe-roomba-i7-i3-i4-i6-i8-i1-fr","16":"first","17":"outofstock","18":"taxable","19":"shipping-taxable","20":"purchasable","21":"product-type-simple"},"_links":{"self":[{"href":"https:\/\/roboparts.ch\/fr\/wp-json\/wp\/v2\/product\/20154","targetHints":{"allow":["GET"]}}],"collection":[{"href":"https:\/\/roboparts.ch\/fr\/wp-json\/wp\/v2\/product"}],"about":[{"href":"https:\/\/roboparts.ch\/fr\/wp-json\/wp\/v2\/types\/product"}],"replies":[{"embeddable":true,"href":"https:\/\/roboparts.ch\/fr\/wp-json\/wp\/v2\/comments?post=20154"}],"version-history":[{"count":1,"href":"https:\/\/roboparts.ch\/fr\/wp-json\/wp\/v2\/product\/20154\/revisions"}],"predecessor-version":[{"id":21041,"href":"https:\/\/roboparts.ch\/fr\/wp-json\/wp\/v2\/product\/20154\/revisions\/21041"}],"wp:featuredmedia":[{"embeddable":true,"href":"https:\/\/roboparts.ch\/fr\/wp-json\/wp\/v2\/media\/14775"}],"wp:attachment":[{"href":"https:\/\/roboparts.ch\/fr\/wp-json\/wp\/v2\/media?parent=20154"}],"wp:term":[{"taxonomy":"product_brand","embeddable":true,"href":"https:\/\/roboparts.ch\/fr\/wp-json\/wp\/v2\/product_brand?post=20154"},{"taxonomy":"product_cat","embeddable":true,"href":"https:\/\/roboparts.ch\/fr\/wp-json\/wp\/v2\/product_cat?post=20154"},{"taxonomy":"product_tag","embeddable":true,"href":"https:\/\/roboparts.ch\/fr\/wp-json\/wp\/v2\/product_tag?post=20154"}],"curies":[{"name":"wp","href":"https:\/\/api.w.org\/{rel}","templated":true}]}}