{"id":20073,"date":"2022-09-06T08:48:32","date_gmt":"2022-09-06T06:48:32","guid":{"rendered":"https:\/\/roboparts.ch\/produkt\/sacs-a-poussiere-pour-irobot-roomba-clean-base-i7-i7-i3-i3-j7-s9-i4-station-daspiration-6-pieces\/"},"modified":"2025-11-04T13:57:35","modified_gmt":"2025-11-04T12:57:35","slug":"sacs-a-poussiere-pour-irobot-roomba-clean-base-i7-i7-i3-i3-j7-s9-i4-station-daspiration-6-pieces","status":"publish","type":"product","link":"https:\/\/roboparts.ch\/fr\/produkt\/sacs-a-poussiere-pour-irobot-roomba-clean-base-i7-i7-i3-i3-j7-s9-i4-station-daspiration-6-pieces\/","title":{"rendered":"Sacs \u00e0 poussi\u00e8re pour iRobot Roomba Clean Base i7 i7+ i3 i3+ j7+ S9+ i4 Station d&rsquo;aspiration- 6 pi\u00e8ces"},"content":{"rendered":"<ul class=\"a-unordered-list a-vertical a-spacing-mini\">\n<li class=\"a-spacing-mini\"><span class=\"a-list-item\">Compatible avec le robot aspirateur iRobot Roomba S9, i3 i3+ i4 i4+ i7 i7+ E5 E6<\/span><\/li>\n<li class=\"a-spacing-mini\"><span class=\"a-list-item\">Contenu du set:6x sacs \u00e0 poussi\u00e8re<\/span><\/li>\n<li class=\"a-spacing-mini\"><span class=\"a-list-item\">Remplacement rapide et sans effort, aucun outil n\u00e9cessaire, ajustement parfait<\/span><\/li>\n<li class=\"a-spacing-mini\"><span class=\"a-list-item\">Mat\u00e9riel de haute qualit\u00e9 en qualit\u00e9 d&rsquo;origine<\/span><\/li>\n<\/ul>\n","protected":false},"excerpt":{"rendered":"<p>Sacs \u00e0 poussi\u00e8re pour iRobot Roomba Clean Base i7 i7+ i3 i3+ j7+ S9+ i4<\/p>\n","protected":false},"featured_media":12657,"comment_status":"open","ping_status":"closed","template":"","meta":{"wds_primary_product_brand":0,"wds_primary_product_cat":0},"product_brand":[],"product_cat":[1302,1680],"product_tag":[1681],"class_list":{"0":"post-20073","1":"product","2":"type-product","3":"status-publish","4":"has-post-thumbnail","6":"product_cat-roomba-serie-i-fr","7":"product_cat-roomba-s9-fr","8":"product_tag-sacs-a-poussiere-pour-irobot-roomba-clean-base-i7-i7-i3-i3-j7-s9-i4-station-daspiration-6-pieces","9":"pa_kompatibel-mit-marke-irobot-fr","10":"pa_produkt-typ-accessoires","11":"pa_produktreihe-roomba-i3-i7-i7-e5-e6-fr","12":"pa_produktreihe-roomba-s9-fr","14":"first","15":"instock","16":"taxable","17":"shipping-taxable","18":"purchasable","19":"product-type-simple"},"_links":{"self":[{"href":"https:\/\/roboparts.ch\/fr\/wp-json\/wp\/v2\/product\/20073","targetHints":{"allow":["GET"]}}],"collection":[{"href":"https:\/\/roboparts.ch\/fr\/wp-json\/wp\/v2\/product"}],"about":[{"href":"https:\/\/roboparts.ch\/fr\/wp-json\/wp\/v2\/types\/product"}],"replies":[{"embeddable":true,"href":"https:\/\/roboparts.ch\/fr\/wp-json\/wp\/v2\/comments?post=20073"}],"version-history":[{"count":2,"href":"https:\/\/roboparts.ch\/fr\/wp-json\/wp\/v2\/product\/20073\/revisions"}],"predecessor-version":[{"id":26000,"href":"https:\/\/roboparts.ch\/fr\/wp-json\/wp\/v2\/product\/20073\/revisions\/26000"}],"wp:featuredmedia":[{"embeddable":true,"href":"https:\/\/roboparts.ch\/fr\/wp-json\/wp\/v2\/media\/12657"}],"wp:attachment":[{"href":"https:\/\/roboparts.ch\/fr\/wp-json\/wp\/v2\/media?parent=20073"}],"wp:term":[{"taxonomy":"product_brand","embeddable":true,"href":"https:\/\/roboparts.ch\/fr\/wp-json\/wp\/v2\/product_brand?post=20073"},{"taxonomy":"product_cat","embeddable":true,"href":"https:\/\/roboparts.ch\/fr\/wp-json\/wp\/v2\/product_cat?post=20073"},{"taxonomy":"product_tag","embeddable":true,"href":"https:\/\/roboparts.ch\/fr\/wp-json\/wp\/v2\/product_tag?post=20073"}],"curies":[{"name":"wp","href":"https:\/\/api.w.org\/{rel}","templated":true}]}}