{"id":20364,"date":"2022-08-22T08:25:16","date_gmt":"2022-08-22T06:25:16","guid":{"rendered":"https:\/\/roboparts.ch\/mentions-legales\/"},"modified":"2025-03-21T14:17:03","modified_gmt":"2025-03-21T13:17:03","slug":"mentions-legales","status":"publish","type":"page","link":"https:\/\/roboparts.ch\/fr\/mentions-legales\/","title":{"rendered":"Mentions l\u00e9gales"},"content":{"rendered":"\t\t<div data-elementor-type=\"wp-page\" data-elementor-id=\"20364\" class=\"elementor elementor-20364 elementor-1261\" data-elementor-post-type=\"page\">\n\t\t\t\t\t\t<section class=\"wd-negative-gap elementor-section elementor-top-section elementor-element elementor-element-eed4b06 elementor-section-boxed elementor-section-height-default elementor-section-height-default\" data-id=\"eed4b06\" data-element_type=\"section\" data-e-type=\"section\">\n\t\t\t\t\t\t<div class=\"elementor-container elementor-column-gap-default\">\n\t\t\t\t\t<div class=\"elementor-column elementor-col-100 elementor-top-column elementor-element elementor-element-3c8df98\" data-id=\"3c8df98\" data-element_type=\"column\" data-e-type=\"column\">\n\t\t\t<div class=\"elementor-widget-wrap elementor-element-populated\">\n\t\t\t\t\t\t<div class=\"elementor-element elementor-element-0176e7a color-scheme-inherit text-left elementor-widget elementor-widget-text-editor\" data-id=\"0176e7a\" data-element_type=\"widget\" data-e-type=\"widget\" data-widget_type=\"text-editor.default\">\n\t\t\t\t<div class=\"elementor-widget-container\">\n\t\t\t\t\t\t\t\t\t<p>Global Distribution GmbH<br>Pflugg\u00e4slein. 10<br>4001 B\u00e2le<br>Suisse <\/p><p><span style=\"font-weight: 400;\">Courrier \u00e9lectronique : info@robo-parts.ch<\/span><\/p><p>Directeur g\u00e9n\u00e9ral : Konstantin Dams<\/p><p>VAT-ID : CHE-310.261.578MWST<\/p><p>Office du registre du commerce du canton de B\u00e2le-Ville<\/p><p><span style=\"font-size: 16px;\">Num\u00e9ro de registre du commerce : CHE-310.261.578<\/span><\/p><p><span style=\"font-weight: 400;\">Plate-forme de la Commission europ\u00e9enne pour le r\u00e8glement en ligne des litiges : <\/span><a href=\"https:\/\/ec.europa.eu\/odr\"><span style=\"font-weight: 400;\">https:\/\/ec.europa.eu\/odr<\/span><\/a><\/p><p><span style=\"font-weight: 400;\">Nous ne sommes ni oblig\u00e9s ni pr\u00eats \u00e0 participer \u00e0 une proc\u00e9dure de r\u00e8glement des litiges devant un organisme de conciliation des consommateurs.<\/span><\/p><p><img decoding=\"async\" src=\"http:\/\/roboparts.ch\/wp-content\/smush-webp\/2022\/08\/unnamed.png.webp\" alt=\"\" width=\"125\" height=\"141\"><\/p><p><span style=\"font-weight: 400;\">Membre de l&rsquo;initiative \"Commerce \u00e9quitable\".<\/span><\/p>\t\t\t\t\t\t\t\t<\/div>\n\t\t\t\t<\/div>\n\t\t\t\t\t<\/div>\n\t\t<\/div>\n\t\t\t\t\t<\/div>\n\t\t<\/section>\n\t\t\t\t<\/div>\n\t\t","protected":false},"excerpt":{"rendered":"<p>Global Distribution GmbHPflugg\u00e4slein. 104001 B\u00e2leSuisse Courrier \u00e9lectronique : info@robo-parts.ch Directeur g\u00e9n\u00e9ral : Konstantin Dams VAT-ID : CHE-310.261.578MWST Office du registre<\/p>\n","protected":false},"author":2,"featured_media":0,"parent":0,"menu_order":0,"comment_status":"closed","ping_status":"closed","template":"","meta":{"footnotes":""},"class_list":["post-20364","page","type-page","status-publish","hentry"],"_links":{"self":[{"href":"https:\/\/roboparts.ch\/fr\/wp-json\/wp\/v2\/pages\/20364","targetHints":{"allow":["GET"]}}],"collection":[{"href":"https:\/\/roboparts.ch\/fr\/wp-json\/wp\/v2\/pages"}],"about":[{"href":"https:\/\/roboparts.ch\/fr\/wp-json\/wp\/v2\/types\/page"}],"author":[{"embeddable":true,"href":"https:\/\/roboparts.ch\/fr\/wp-json\/wp\/v2\/users\/2"}],"replies":[{"embeddable":true,"href":"https:\/\/roboparts.ch\/fr\/wp-json\/wp\/v2\/comments?post=20364"}],"version-history":[{"count":1,"href":"https:\/\/roboparts.ch\/fr\/wp-json\/wp\/v2\/pages\/20364\/revisions"}],"predecessor-version":[{"id":20365,"href":"https:\/\/roboparts.ch\/fr\/wp-json\/wp\/v2\/pages\/20364\/revisions\/20365"}],"wp:attachment":[{"href":"https:\/\/roboparts.ch\/fr\/wp-json\/wp\/v2\/media?parent=20364"}],"curies":[{"name":"wp","href":"https:\/\/api.w.org\/{rel}","templated":true}]}}