{"id":20554,"date":"2025-02-18T16:01:04","date_gmt":"2025-02-18T15:01:04","guid":{"rendered":"https:\/\/roboparts.ch\/produkt\/accessory-set-for-ecovacs-deebot-x5-omni\/"},"modified":"2025-03-21T15:20:55","modified_gmt":"2025-03-21T14:20:55","slug":"accessory-set-for-ecovacs-deebot-x5-omni","status":"publish","type":"product","link":"https:\/\/roboparts.ch\/en\/produkt\/accessory-set-for-ecovacs-deebot-x5-omni\/","title":{"rendered":"Accessory set for Ecovacs Deebot X5 Omni"},"content":{"rendered":"<ul class=\"a-unordered-list a-vertical a-spacing-mini\">\n<li class=\"a-spacing-mini\"><span class=\"a-list-item\">Compatible with Ecovacs Deebot X5 Omni<\/span><\/li>\n<li class=\"a-spacing-mini\"><span class=\"a-list-item\">Set contents: 4 x mop pads, 4 x side brushes, 1 x main brush, 4x HEPA filters, 4x dust bags<\/span><\/li>\n<li class=\"a-spacing-mini\"><span class=\"a-list-item\">Quick and effortless replacement, no tools required, perfect fit<\/span><\/li>\n<li class=\"a-spacing-mini\"><span class=\"a-list-item\">High-quality microfiber material in OEM quality, washable and reusable<\/span><\/li>\n<li class=\"a-spaciKompatibel mit Ecovacs Deebot T30 Omni \/ T30 Pro Omni Set Inhalt: 2 x Staubbeutel, 4 x Wischpads, 4 x Seitenb\u00fcrsten, 1 x Hauptb\u00fcrste, 4x HEPA Filter, 4xStaubbeutel Schneller und m\u00fcheloser Austausch, kein Werkzeug erforderlich, perfekte Passform Hochwertiges Mikrofaser Material in Erstausr\u00fcsterqualit\u00e4t, waschbar und wieder verwendbar Hauptb\u00fcrste in Erstausr\u00fcsterqualit\u00e4t, sehr leiser Reinigungsvorgangng-mini\"><span class=\"a-list-item\">Main brush in OEM quality, very quiet cleaning process<\/span><\/li>\n<\/ul>\n","protected":false},"excerpt":{"rendered":"<p>Compatible with Ecovacs Deebot X5 Omni Set contents: 4 x mop pads, 4 x side brushes, 1 x main brush,<\/p>\n","protected":false},"featured_media":18779,"comment_status":"open","ping_status":"closed","template":"","meta":{"wds_primary_product_brand":0,"wds_primary_product_cat":0},"product_brand":[],"product_cat":[2143,2672],"product_tag":[],"class_list":{"0":"post-20554","1":"product","2":"type-product","3":"status-publish","4":"has-post-thumbnail","6":"product_cat-ecovacs-en","7":"product_cat-deebot-x5-omni-en","8":"pa_kompatibel-mit-marke-ecovacs-en","9":"pa_produktreihe-deebot-x5-omni-en","11":"first","12":"instock","13":"taxable","14":"shipping-taxable","15":"purchasable","16":"product-type-simple"},"_links":{"self":[{"href":"https:\/\/roboparts.ch\/en\/wp-json\/wp\/v2\/product\/20554","targetHints":{"allow":["GET"]}}],"collection":[{"href":"https:\/\/roboparts.ch\/en\/wp-json\/wp\/v2\/product"}],"about":[{"href":"https:\/\/roboparts.ch\/en\/wp-json\/wp\/v2\/types\/product"}],"replies":[{"embeddable":true,"href":"https:\/\/roboparts.ch\/en\/wp-json\/wp\/v2\/comments?post=20554"}],"version-history":[{"count":1,"href":"https:\/\/roboparts.ch\/en\/wp-json\/wp\/v2\/product\/20554\/revisions"}],"predecessor-version":[{"id":21281,"href":"https:\/\/roboparts.ch\/en\/wp-json\/wp\/v2\/product\/20554\/revisions\/21281"}],"wp:featuredmedia":[{"embeddable":true,"href":"https:\/\/roboparts.ch\/en\/wp-json\/wp\/v2\/media\/18779"}],"wp:attachment":[{"href":"https:\/\/roboparts.ch\/en\/wp-json\/wp\/v2\/media?parent=20554"}],"wp:term":[{"taxonomy":"product_brand","embeddable":true,"href":"https:\/\/roboparts.ch\/en\/wp-json\/wp\/v2\/product_brand?post=20554"},{"taxonomy":"product_cat","embeddable":true,"href":"https:\/\/roboparts.ch\/en\/wp-json\/wp\/v2\/product_cat?post=20554"},{"taxonomy":"product_tag","embeddable":true,"href":"https:\/\/roboparts.ch\/en\/wp-json\/wp\/v2\/product_tag?post=20554"}],"curies":[{"name":"wp","href":"https:\/\/api.w.org\/{rel}","templated":true}]}}